{"id":10309,"date":"2024-05-29T10:51:09","date_gmt":"2024-05-29T16:51:09","guid":{"rendered":"https:\/\/galopina.com.mx\/maison\/"},"modified":"2026-01-24T17:18:48","modified_gmt":"2026-01-24T23:18:48","slug":"concept","status":"publish","type":"page","link":"https:\/\/galopina.com.mx\/fr\/concept\/","title":{"rendered":"CONCEPT"},"content":{"rendered":"\t\t<div data-elementor-type=\"wp-page\" data-elementor-id=\"10309\" class=\"elementor elementor-10309 elementor-56\" data-elementor-post-type=\"page\">\n\t\t\t\t\t\t<section class=\"elementor-section elementor-top-section elementor-element elementor-element-3774b86 elementor-section-full_width elementor-section-content-middle elementor-section-stretched elementor-section-height-default elementor-section-height-default\" data-id=\"3774b86\" data-element_type=\"section\" data-e-type=\"section\" data-settings=\"{&quot;stretch_section&quot;:&quot;section-stretched&quot;}\">\n\t\t\t\t\t\t<div class=\"elementor-container elementor-column-gap-no\">\n\t\t\t\t\t<div class=\"elementor-column elementor-col-100 elementor-top-column elementor-element elementor-element-ccffe9c col-slide\" data-id=\"ccffe9c\" data-element_type=\"column\" data-e-type=\"column\">\n\t\t\t<div class=\"elementor-widget-wrap elementor-element-populated\">\n\t\t\t\t\t\t<div class=\"elementor-element elementor-element-ae3a2aa elementor-pagination-position-inside elementor-arrows-position-inside elementor-widget elementor-widget-image-carousel\" data-id=\"ae3a2aa\" data-element_type=\"widget\" data-e-type=\"widget\" data-settings=\"{&quot;slides_to_show&quot;:&quot;1&quot;,&quot;navigation&quot;:&quot;both&quot;,&quot;autoplay&quot;:&quot;yes&quot;,&quot;pause_on_hover&quot;:&quot;yes&quot;,&quot;pause_on_interaction&quot;:&quot;yes&quot;,&quot;autoplay_speed&quot;:5000,&quot;infinite&quot;:&quot;yes&quot;,&quot;effect&quot;:&quot;slide&quot;,&quot;speed&quot;:500}\" data-widget_type=\"image-carousel.default\">\n\t\t\t\t<div class=\"elementor-widget-container\">\n\t\t\t\t\t\t\t<div class=\"elementor-image-carousel-wrapper swiper\" role=\"region\" aria-roledescription=\"carousel\" aria-label=\"Carrousel d\u2019images\" dir=\"ltr\">\n\t\t\t<div class=\"elementor-image-carousel swiper-wrapper swiper-image-stretch\" aria-live=\"off\">\n\t\t\t\t\t\t\t\t<div class=\"swiper-slide\" role=\"group\" aria-roledescription=\"slide\" aria-label=\"1 sur 6\"><figure class=\"swiper-slide-inner\"><img decoding=\"async\" class=\"swiper-slide-image\" src=\"https:\/\/galopina.com.mx\/wp-content\/uploads\/2023\/01\/CASA-1a.jpg\" alt=\"galopina h\u00f4tel Yucatan\" \/><\/figure><\/div><div class=\"swiper-slide\" role=\"group\" aria-roledescription=\"slide\" aria-label=\"2 sur 6\"><figure class=\"swiper-slide-inner\"><img decoding=\"async\" class=\"swiper-slide-image\" src=\"https:\/\/galopina.com.mx\/wp-content\/uploads\/2022\/12\/CASA-2.jpg\" alt=\"galopina h\u00f4tel Yucatan piscine\" \/><\/figure><\/div><div class=\"swiper-slide\" role=\"group\" aria-roledescription=\"slide\" aria-label=\"3 sur 6\"><figure class=\"swiper-slide-inner\"><img decoding=\"async\" class=\"swiper-slide-image\" src=\"https:\/\/galopina.com.mx\/wp-content\/uploads\/2022\/12\/CASA-3.jpg\" alt=\"galopina h\u00f4tel Yucatan\" \/><\/figure><\/div><div class=\"swiper-slide\" role=\"group\" aria-roledescription=\"slide\" aria-label=\"4 sur 6\"><figure class=\"swiper-slide-inner\"><img decoding=\"async\" class=\"swiper-slide-image\" src=\"https:\/\/galopina.com.mx\/wp-content\/uploads\/2022\/12\/CASA-4-O.jpg\" alt=\"galopina h\u00f4tel Yucatan int\u00e9rieur\" \/><\/figure><\/div><div class=\"swiper-slide\" role=\"group\" aria-roledescription=\"slide\" aria-label=\"5 sur 6\"><figure class=\"swiper-slide-inner\"><img decoding=\"async\" class=\"swiper-slide-image\" src=\"https:\/\/galopina.com.mx\/wp-content\/uploads\/2024\/01\/CASA-6-N-2.jpg\" alt=\"galopina h\u00f4tel Yucatan int\u00e9rieur\" \/><\/figure><\/div><div class=\"swiper-slide\" role=\"group\" aria-roledescription=\"slide\" aria-label=\"6 sur 6\"><figure class=\"swiper-slide-inner\"><img decoding=\"async\" class=\"swiper-slide-image\" src=\"https:\/\/galopina.com.mx\/wp-content\/uploads\/2022\/12\/CASA-5.jpg\" alt=\"galopina h\u00f4tel Yucatan int\u00e9rieur\" \/><\/figure><\/div>\t\t\t<\/div>\n\t\t\t\t\t\t\t\t\t\t\t\t<div class=\"elementor-swiper-button elementor-swiper-button-prev\" role=\"button\" tabindex=\"0\">\n\t\t\t\t\t\t<i aria-hidden=\"true\" class=\"eicon-chevron-left\"><\/i>\t\t\t\t\t<\/div>\n\t\t\t\t\t<div class=\"elementor-swiper-button elementor-swiper-button-next\" role=\"button\" tabindex=\"0\">\n\t\t\t\t\t\t<i aria-hidden=\"true\" class=\"eicon-chevron-right\"><\/i>\t\t\t\t\t<\/div>\n\t\t\t\t\n\t\t\t\t\t\t\t\t\t<div class=\"swiper-pagination\"><\/div>\n\t\t\t\t\t\t\t\t\t<\/div>\n\t\t\t\t\t\t<\/div>\n\t\t\t\t<\/div>\n\t\t\t\t<div class=\"elementor-element elementor-element-6109ffc elementor-widget elementor-widget-html\" data-id=\"6109ffc\" data-element_type=\"widget\" data-e-type=\"widget\" data-widget_type=\"html.default\">\n\t\t\t\t<div class=\"elementor-widget-container\">\n\t\t\t\t\t<script src=\"https:\/\/ajax.googleapis.com\/ajax\/libs\/jquery\/3.6.0\/jquery.min.js\"><\/script><script type=\"text\/javascript\">$(document).ready(function(){\n        $('.arrow-bottom').on(\"click\",function(e){\n        $('.arrow-bottom').hide();\n            return false;\n        });\n    });\n<\/script><script type=\"text\/javascript\">$(function() {\n  $(window).scroll(function() {\nif ($(window).scrollTop() > 400) {\n        $('.arrow-bottom').fadeOut();\n}\n  });\n});\n<\/script>\t\t\t\t<\/div>\n\t\t\t\t<\/div>\n\t\t\t\t<div class=\"elementor-element elementor-element-d03becd elementor-absolute elementor-hidden-mobile arrow-bottom elementor-view-default elementor-invisible elementor-widget elementor-widget-icon\" data-id=\"d03becd\" data-element_type=\"widget\" data-e-type=\"widget\" data-settings=\"{&quot;_position&quot;:&quot;absolute&quot;,&quot;_animation&quot;:&quot;flash&quot;}\" data-widget_type=\"icon.default\">\n\t\t\t\t<div class=\"elementor-widget-container\">\n\t\t\t\t\t\t\t<div class=\"elementor-icon-wrapper\">\n\t\t\t<a class=\"elementor-icon\" href=\"#concepto\">\n\t\t\t<i aria-hidden=\"true\" class=\"fas fa-arrow-down\"><\/i>\t\t\t<\/a>\n\t\t<\/div>\n\t\t\t\t\t\t<\/div>\n\t\t\t\t<\/div>\n\t\t\t\t\t<\/div>\n\t\t<\/div>\n\t\t\t\t\t<\/div>\n\t\t<\/section>\n\t\t\t\t<section class=\"elementor-section elementor-top-section elementor-element elementor-element-04c5e68 elementor-section-boxed elementor-section-height-default elementor-section-height-default\" data-id=\"04c5e68\" data-element_type=\"section\" data-e-type=\"section\" id=\"concepto\">\n\t\t\t\t\t\t<div class=\"elementor-container elementor-column-gap-default\">\n\t\t\t\t\t<div class=\"elementor-column elementor-col-100 elementor-top-column elementor-element elementor-element-7b3cdc0\" data-id=\"7b3cdc0\" data-element_type=\"column\" data-e-type=\"column\">\n\t\t\t<div class=\"elementor-widget-wrap elementor-element-populated\">\n\t\t\t\t\t\t<div class=\"elementor-element elementor-element-80235bf elementor-widget elementor-widget-heading\" data-id=\"80235bf\" data-element_type=\"widget\" data-e-type=\"widget\" data-widget_type=\"heading.default\">\n\t\t\t\t<div class=\"elementor-widget-container\">\n\t\t\t\t\t<h2 class=\"elementor-heading-title elementor-size-default\">Concept<\/h2>\t\t\t\t<\/div>\n\t\t\t\t<\/div>\n\t\t\t\t\t<\/div>\n\t\t<\/div>\n\t\t\t\t\t<\/div>\n\t\t<\/section>\n\t\t\t\t<section class=\"elementor-section elementor-top-section elementor-element elementor-element-e376927 elementor-section-boxed elementor-section-height-default elementor-section-height-default\" data-id=\"e376927\" data-element_type=\"section\" data-e-type=\"section\">\n\t\t\t\t\t\t<div class=\"elementor-container elementor-column-gap-default\">\n\t\t\t\t\t<div class=\"elementor-column elementor-col-100 elementor-top-column elementor-element elementor-element-e324ebc\" data-id=\"e324ebc\" data-element_type=\"column\" data-e-type=\"column\">\n\t\t\t<div class=\"elementor-widget-wrap elementor-element-populated\">\n\t\t\t\t\t\t<div class=\"elementor-element elementor-element-b441d56 elementor-widget elementor-widget-text-editor\" data-id=\"b441d56\" data-element_type=\"widget\" data-e-type=\"widget\" data-widget_type=\"text-editor.default\">\n\t\t\t\t<div class=\"elementor-widget-container\">\n\t\t\t\t\t\t\t\t\t<p class=\"p1\">Galopina est une maison h\u00f4teli\u00e8re situ\u00e9e pr\u00e8s de M\u00e9rida. Elle a \u00e9t\u00e9 con\u00e7ue pour inspirer, revenir \u00e0 nos origines et \u00eatre enlac\u00e9 par la nature. <\/p>\n<p class=\"p1\">Le temps s\u2019arr\u00eate \u00e0 Galopina, o\u00f9 l\u2019on vit au rythme du soleil, mais aussi des jours de pluie et des nuits \u00e9toil\u00e9es. Mais surtout, comme dans toute maison mexicaine, Galopina aime recevoir d&rsquo;anciens et de nouveaux amis.<\/p>\n<p class=\"p1\">Situ\u00e9e \u00e0 35 km du centre de M\u00e9rida, la maison est entour\u00e9e par la jungle du Yucatan, au c\u0153ur de la r\u00e9serve d&rsquo;\u00c9tat des cenotes. Galopina se trouve \u00e0 proximit\u00e9 des haciendas, des ruines arch\u00e9ologiques, de cenotes et sur la route des villes d&rsquo;Izamal et de Valladolid.<\/p>\n<p class=\"p1\">Galopina b\u00e9n\u00e9ficie d&rsquo;un emplacement privil\u00e9gi\u00e9 pour des vacances plac\u00e9es sous le signe de la d\u00e9connexion, de l&rsquo;exploration et de la d\u00e9tente absolue.<\/p>\n\t\t\t\t\t\t\t\t<\/div>\n\t\t\t\t<\/div>\n\t\t\t\t\t<\/div>\n\t\t<\/div>\n\t\t\t\t\t<\/div>\n\t\t<\/section>\n\t\t\t\t<\/div>\n\t\t","protected":false},"excerpt":{"rendered":"<p>Concept Galopina est une maison h\u00f4teli\u00e8re situ\u00e9e pr\u00e8s de M\u00e9rida. Elle a \u00e9t\u00e9 con\u00e7ue pour inspirer, revenir \u00e0 nos origines et \u00eatre enlac\u00e9 par la nature. Le temps s\u2019arr\u00eate \u00e0 Galopina, o\u00f9 l\u2019on vit au rythme du soleil, mais aussi des jours de pluie et des nuits \u00e9toil\u00e9es. Mais surtout, comme dans toute maison mexicaine, [&hellip;]<\/p>\n","protected":false},"author":1,"featured_media":0,"parent":0,"menu_order":0,"comment_status":"closed","ping_status":"closed","template":"elementor_header_footer","meta":{"_joinchat":[],"footnotes":""},"class_list":["post-10309","page","type-page","status-publish","hentry"],"yoast_head":"<!-- This site is optimized with the Yoast SEO plugin v27.3 - https:\/\/yoast.com\/product\/yoast-seo-wordpress\/ -->\n<title>CONCEPT HOTEL - Galopina<\/title>\n<meta name=\"description\" content=\"Galopina est une maison h\u00f4teli\u00e8re situ\u00e9e pr\u00e8s de M\u00e9rida, dans le Yucat\u00e1n. Elle a \u00e9t\u00e9 con\u00e7ue pour inspirer et \u00eatre enlac\u00e9 par la nature.\" \/>\n<meta name=\"robots\" content=\"index, follow, max-snippet:-1, max-image-preview:large, max-video-preview:-1\" \/>\n<link rel=\"canonical\" href=\"https:\/\/galopina.com.mx\/fr\/concept\/\" \/>\n<meta property=\"og:locale\" content=\"fr_FR\" \/>\n<meta property=\"og:type\" content=\"article\" \/>\n<meta property=\"og:title\" content=\"CONCEPT HOTEL - Galopina\" \/>\n<meta property=\"og:description\" content=\"Galopina est une maison h\u00f4teli\u00e8re situ\u00e9e pr\u00e8s de M\u00e9rida, dans le Yucat\u00e1n. Elle a \u00e9t\u00e9 con\u00e7ue pour inspirer et \u00eatre enlac\u00e9 par la nature.\" \/>\n<meta property=\"og:url\" content=\"https:\/\/galopina.com.mx\/fr\/concept\/\" \/>\n<meta property=\"og:site_name\" content=\"Galopina\" \/>\n<meta property=\"article:publisher\" content=\"https:\/\/www.facebook.com\/galopinacasasilvestre\/\" \/>\n<meta property=\"article:modified_time\" content=\"2026-01-24T23:18:48+00:00\" \/>\n<meta property=\"og:image\" content=\"https:\/\/galopina.com.mx\/wp-content\/uploads\/2023\/01\/CASA-1a.jpg\" \/>\n<meta name=\"twitter:card\" content=\"summary_large_image\" \/>\n<meta name=\"twitter:label1\" content=\"Dur\u00e9e de lecture estim\u00e9e\" \/>\n\t<meta name=\"twitter:data1\" content=\"2 minutes\" \/>\n<script type=\"application\/ld+json\" class=\"yoast-schema-graph\">{\"@context\":\"https:\\\/\\\/schema.org\",\"@graph\":[{\"@type\":\"WebPage\",\"@id\":\"https:\\\/\\\/galopina.com.mx\\\/fr\\\/concept\\\/\",\"url\":\"https:\\\/\\\/galopina.com.mx\\\/fr\\\/concept\\\/\",\"name\":\"CONCEPT HOTEL - Galopina\",\"isPartOf\":{\"@id\":\"https:\\\/\\\/galopina.com.mx\\\/fr\\\/#website\"},\"primaryImageOfPage\":{\"@id\":\"https:\\\/\\\/galopina.com.mx\\\/fr\\\/concept\\\/#primaryimage\"},\"image\":{\"@id\":\"https:\\\/\\\/galopina.com.mx\\\/fr\\\/concept\\\/#primaryimage\"},\"thumbnailUrl\":\"https:\\\/\\\/galopina.com.mx\\\/wp-content\\\/uploads\\\/2023\\\/01\\\/CASA-1a.jpg\",\"datePublished\":\"2024-05-29T16:51:09+00:00\",\"dateModified\":\"2026-01-24T23:18:48+00:00\",\"description\":\"Galopina est une maison h\u00f4teli\u00e8re situ\u00e9e pr\u00e8s de M\u00e9rida, dans le Yucat\u00e1n. Elle a \u00e9t\u00e9 con\u00e7ue pour inspirer et \u00eatre enlac\u00e9 par la nature.\",\"breadcrumb\":{\"@id\":\"https:\\\/\\\/galopina.com.mx\\\/fr\\\/concept\\\/#breadcrumb\"},\"inLanguage\":\"fr-FR\",\"potentialAction\":[{\"@type\":\"ReadAction\",\"target\":[\"https:\\\/\\\/galopina.com.mx\\\/fr\\\/concept\\\/\"]}]},{\"@type\":\"ImageObject\",\"inLanguage\":\"fr-FR\",\"@id\":\"https:\\\/\\\/galopina.com.mx\\\/fr\\\/concept\\\/#primaryimage\",\"url\":\"https:\\\/\\\/galopina.com.mx\\\/wp-content\\\/uploads\\\/2023\\\/01\\\/CASA-1a.jpg\",\"contentUrl\":\"https:\\\/\\\/galopina.com.mx\\\/wp-content\\\/uploads\\\/2023\\\/01\\\/CASA-1a.jpg\"},{\"@type\":\"BreadcrumbList\",\"@id\":\"https:\\\/\\\/galopina.com.mx\\\/fr\\\/concept\\\/#breadcrumb\",\"itemListElement\":[{\"@type\":\"ListItem\",\"position\":1,\"name\":\"Portada\",\"item\":\"https:\\\/\\\/galopina.com.mx\\\/fr\\\/accueil\\\/\"},{\"@type\":\"ListItem\",\"position\":2,\"name\":\"CONCEPT\"}]},{\"@type\":\"WebSite\",\"@id\":\"https:\\\/\\\/galopina.com.mx\\\/fr\\\/#website\",\"url\":\"https:\\\/\\\/galopina.com.mx\\\/fr\\\/\",\"name\":\"Galopina\",\"description\":\"Casa Silvestre\",\"publisher\":{\"@id\":\"https:\\\/\\\/galopina.com.mx\\\/fr\\\/#organization\"},\"potentialAction\":[{\"@type\":\"SearchAction\",\"target\":{\"@type\":\"EntryPoint\",\"urlTemplate\":\"https:\\\/\\\/galopina.com.mx\\\/fr\\\/?s={search_term_string}\"},\"query-input\":{\"@type\":\"PropertyValueSpecification\",\"valueRequired\":true,\"valueName\":\"search_term_string\"}}],\"inLanguage\":\"fr-FR\"},{\"@type\":\"Organization\",\"@id\":\"https:\\\/\\\/galopina.com.mx\\\/fr\\\/#organization\",\"name\":\"Galopina\",\"url\":\"https:\\\/\\\/galopina.com.mx\\\/fr\\\/\",\"logo\":{\"@type\":\"ImageObject\",\"inLanguage\":\"fr-FR\",\"@id\":\"https:\\\/\\\/galopina.com.mx\\\/fr\\\/#\\\/schema\\\/logo\\\/image\\\/\",\"url\":\"https:\\\/\\\/galopina.com.mx\\\/wp-content\\\/uploads\\\/2022\\\/01\\\/Logo_Galopina_BG_verde.png\",\"contentUrl\":\"https:\\\/\\\/galopina.com.mx\\\/wp-content\\\/uploads\\\/2022\\\/01\\\/Logo_Galopina_BG_verde.png\",\"width\":792,\"height\":612,\"caption\":\"Galopina\"},\"image\":{\"@id\":\"https:\\\/\\\/galopina.com.mx\\\/fr\\\/#\\\/schema\\\/logo\\\/image\\\/\"},\"sameAs\":[\"https:\\\/\\\/www.facebook.com\\\/galopinacasasilvestre\\\/\",\"https:\\\/\\\/www.instagram.com\\\/galopina_casasilvestre\\\/\"]}]}<\/script>\n<!-- \/ Yoast SEO plugin. -->","yoast_head_json":{"title":"CONCEPT HOTEL - Galopina","description":"Galopina est une maison h\u00f4teli\u00e8re situ\u00e9e pr\u00e8s de M\u00e9rida, dans le Yucat\u00e1n. Elle a \u00e9t\u00e9 con\u00e7ue pour inspirer et \u00eatre enlac\u00e9 par la nature.","robots":{"index":"index","follow":"follow","max-snippet":"max-snippet:-1","max-image-preview":"max-image-preview:large","max-video-preview":"max-video-preview:-1"},"canonical":"https:\/\/galopina.com.mx\/fr\/concept\/","og_locale":"fr_FR","og_type":"article","og_title":"CONCEPT HOTEL - Galopina","og_description":"Galopina est une maison h\u00f4teli\u00e8re situ\u00e9e pr\u00e8s de M\u00e9rida, dans le Yucat\u00e1n. Elle a \u00e9t\u00e9 con\u00e7ue pour inspirer et \u00eatre enlac\u00e9 par la nature.","og_url":"https:\/\/galopina.com.mx\/fr\/concept\/","og_site_name":"Galopina","article_publisher":"https:\/\/www.facebook.com\/galopinacasasilvestre\/","article_modified_time":"2026-01-24T23:18:48+00:00","og_image":[{"url":"https:\/\/galopina.com.mx\/wp-content\/uploads\/2023\/01\/CASA-1a.jpg","type":"","width":"","height":""}],"twitter_card":"summary_large_image","twitter_misc":{"Dur\u00e9e de lecture estim\u00e9e":"2 minutes"},"schema":{"@context":"https:\/\/schema.org","@graph":[{"@type":"WebPage","@id":"https:\/\/galopina.com.mx\/fr\/concept\/","url":"https:\/\/galopina.com.mx\/fr\/concept\/","name":"CONCEPT HOTEL - Galopina","isPartOf":{"@id":"https:\/\/galopina.com.mx\/fr\/#website"},"primaryImageOfPage":{"@id":"https:\/\/galopina.com.mx\/fr\/concept\/#primaryimage"},"image":{"@id":"https:\/\/galopina.com.mx\/fr\/concept\/#primaryimage"},"thumbnailUrl":"https:\/\/galopina.com.mx\/wp-content\/uploads\/2023\/01\/CASA-1a.jpg","datePublished":"2024-05-29T16:51:09+00:00","dateModified":"2026-01-24T23:18:48+00:00","description":"Galopina est une maison h\u00f4teli\u00e8re situ\u00e9e pr\u00e8s de M\u00e9rida, dans le Yucat\u00e1n. Elle a \u00e9t\u00e9 con\u00e7ue pour inspirer et \u00eatre enlac\u00e9 par la nature.","breadcrumb":{"@id":"https:\/\/galopina.com.mx\/fr\/concept\/#breadcrumb"},"inLanguage":"fr-FR","potentialAction":[{"@type":"ReadAction","target":["https:\/\/galopina.com.mx\/fr\/concept\/"]}]},{"@type":"ImageObject","inLanguage":"fr-FR","@id":"https:\/\/galopina.com.mx\/fr\/concept\/#primaryimage","url":"https:\/\/galopina.com.mx\/wp-content\/uploads\/2023\/01\/CASA-1a.jpg","contentUrl":"https:\/\/galopina.com.mx\/wp-content\/uploads\/2023\/01\/CASA-1a.jpg"},{"@type":"BreadcrumbList","@id":"https:\/\/galopina.com.mx\/fr\/concept\/#breadcrumb","itemListElement":[{"@type":"ListItem","position":1,"name":"Portada","item":"https:\/\/galopina.com.mx\/fr\/accueil\/"},{"@type":"ListItem","position":2,"name":"CONCEPT"}]},{"@type":"WebSite","@id":"https:\/\/galopina.com.mx\/fr\/#website","url":"https:\/\/galopina.com.mx\/fr\/","name":"Galopina","description":"Casa Silvestre","publisher":{"@id":"https:\/\/galopina.com.mx\/fr\/#organization"},"potentialAction":[{"@type":"SearchAction","target":{"@type":"EntryPoint","urlTemplate":"https:\/\/galopina.com.mx\/fr\/?s={search_term_string}"},"query-input":{"@type":"PropertyValueSpecification","valueRequired":true,"valueName":"search_term_string"}}],"inLanguage":"fr-FR"},{"@type":"Organization","@id":"https:\/\/galopina.com.mx\/fr\/#organization","name":"Galopina","url":"https:\/\/galopina.com.mx\/fr\/","logo":{"@type":"ImageObject","inLanguage":"fr-FR","@id":"https:\/\/galopina.com.mx\/fr\/#\/schema\/logo\/image\/","url":"https:\/\/galopina.com.mx\/wp-content\/uploads\/2022\/01\/Logo_Galopina_BG_verde.png","contentUrl":"https:\/\/galopina.com.mx\/wp-content\/uploads\/2022\/01\/Logo_Galopina_BG_verde.png","width":792,"height":612,"caption":"Galopina"},"image":{"@id":"https:\/\/galopina.com.mx\/fr\/#\/schema\/logo\/image\/"},"sameAs":["https:\/\/www.facebook.com\/galopinacasasilvestre\/","https:\/\/www.instagram.com\/galopina_casasilvestre\/"]}]}},"_links":{"self":[{"href":"https:\/\/galopina.com.mx\/fr\/wp-json\/wp\/v2\/pages\/10309","targetHints":{"allow":["GET"]}}],"collection":[{"href":"https:\/\/galopina.com.mx\/fr\/wp-json\/wp\/v2\/pages"}],"about":[{"href":"https:\/\/galopina.com.mx\/fr\/wp-json\/wp\/v2\/types\/page"}],"author":[{"embeddable":true,"href":"https:\/\/galopina.com.mx\/fr\/wp-json\/wp\/v2\/users\/1"}],"replies":[{"embeddable":true,"href":"https:\/\/galopina.com.mx\/fr\/wp-json\/wp\/v2\/comments?post=10309"}],"version-history":[{"count":5,"href":"https:\/\/galopina.com.mx\/fr\/wp-json\/wp\/v2\/pages\/10309\/revisions"}],"predecessor-version":[{"id":11528,"href":"https:\/\/galopina.com.mx\/fr\/wp-json\/wp\/v2\/pages\/10309\/revisions\/11528"}],"wp:attachment":[{"href":"https:\/\/galopina.com.mx\/fr\/wp-json\/wp\/v2\/media?parent=10309"}],"curies":[{"name":"wp","href":"https:\/\/api.w.org\/{rel}","templated":true}]}}