{"id":10312,"date":"2024-05-29T11:06:29","date_gmt":"2024-05-29T17:06:29","guid":{"rendered":"https:\/\/galopina.com.mx\/experience\/"},"modified":"2024-06-17T12:41:43","modified_gmt":"2024-06-17T18:41:43","slug":"experience","status":"publish","type":"page","link":"https:\/\/galopina.com.mx\/fr\/experience\/","title":{"rendered":"EXP\u00c9RIENCE"},"content":{"rendered":"\t\t<div data-elementor-type=\"wp-page\" data-elementor-id=\"10312\" class=\"elementor elementor-10312 elementor-2128\" data-elementor-post-type=\"page\">\n\t\t\t\t\t\t<section class=\"elementor-section elementor-top-section elementor-element elementor-element-eb5b0f5 elementor-section-full_width elementor-section-content-middle elementor-section-stretched elementor-section-height-default elementor-section-height-default\" data-id=\"eb5b0f5\" data-element_type=\"section\" data-e-type=\"section\" data-settings=\"{&quot;stretch_section&quot;:&quot;section-stretched&quot;}\">\n\t\t\t\t\t\t<div class=\"elementor-container elementor-column-gap-no\">\n\t\t\t\t\t<div class=\"elementor-column elementor-col-100 elementor-top-column elementor-element elementor-element-0cf2e3f\" data-id=\"0cf2e3f\" data-element_type=\"column\" data-e-type=\"column\">\n\t\t\t<div class=\"elementor-widget-wrap elementor-element-populated\">\n\t\t\t\t\t\t<div class=\"elementor-element elementor-element-4767934 elementor-pagination-position-inside elementor-arrows-position-inside elementor-widget elementor-widget-image-carousel\" data-id=\"4767934\" data-element_type=\"widget\" data-e-type=\"widget\" data-settings=\"{&quot;slides_to_show&quot;:&quot;1&quot;,&quot;slides_to_show_mobile&quot;:&quot;1&quot;,&quot;navigation&quot;:&quot;both&quot;,&quot;autoplay&quot;:&quot;yes&quot;,&quot;pause_on_hover&quot;:&quot;yes&quot;,&quot;pause_on_interaction&quot;:&quot;yes&quot;,&quot;autoplay_speed&quot;:5000,&quot;infinite&quot;:&quot;yes&quot;,&quot;effect&quot;:&quot;slide&quot;,&quot;speed&quot;:500}\" data-widget_type=\"image-carousel.default\">\n\t\t\t\t<div class=\"elementor-widget-container\">\n\t\t\t\t\t\t\t<div class=\"elementor-image-carousel-wrapper swiper\" role=\"region\" aria-roledescription=\"carousel\" aria-label=\"Carrousel d\u2019images\" dir=\"ltr\">\n\t\t\t<div class=\"elementor-image-carousel swiper-wrapper swiper-image-stretch\" aria-live=\"off\">\n\t\t\t\t\t\t\t\t<div class=\"swiper-slide\" role=\"group\" aria-roledescription=\"slide\" aria-label=\"1 sur 6\"><figure class=\"swiper-slide-inner\"><img decoding=\"async\" class=\"swiper-slide-image\" src=\"https:\/\/galopina.com.mx\/wp-content\/uploads\/2022\/12\/EXPERIENCIA-2.jpg\" alt=\"galopina hotel Yucatan\" \/><\/figure><\/div><div class=\"swiper-slide\" role=\"group\" aria-roledescription=\"slide\" aria-label=\"2 sur 6\"><figure class=\"swiper-slide-inner\"><img decoding=\"async\" class=\"swiper-slide-image\" src=\"https:\/\/galopina.com.mx\/wp-content\/uploads\/2022\/12\/EXPERIENCIA-1-O.jpg\" alt=\"galopina h\u00f4tel Yucatan\" \/><\/figure><\/div><div class=\"swiper-slide\" role=\"group\" aria-roledescription=\"slide\" aria-label=\"3 sur 6\"><figure class=\"swiper-slide-inner\"><img decoding=\"async\" class=\"swiper-slide-image\" src=\"https:\/\/galopina.com.mx\/wp-content\/uploads\/2022\/12\/EXPERIENCIA-3.jpg\" alt=\"galopina hotel Yucatan bar\" \/><\/figure><\/div><div class=\"swiper-slide\" role=\"group\" aria-roledescription=\"slide\" aria-label=\"4 sur 6\"><figure class=\"swiper-slide-inner\"><img decoding=\"async\" class=\"swiper-slide-image\" src=\"https:\/\/galopina.com.mx\/wp-content\/uploads\/2022\/12\/EXPERIENCIA-4.jpg\" alt=\"galopina h\u00f4tel Yucatan\" \/><\/figure><\/div><div class=\"swiper-slide\" role=\"group\" aria-roledescription=\"slide\" aria-label=\"5 sur 6\"><figure class=\"swiper-slide-inner\"><img decoding=\"async\" class=\"swiper-slide-image\" src=\"https:\/\/galopina.com.mx\/wp-content\/uploads\/2022\/12\/EXPERIENCIA-5.jpg\" alt=\"galopina h\u00f4tel Yucatan petit d\u00e9jeuner\" \/><\/figure><\/div><div class=\"swiper-slide\" role=\"group\" aria-roledescription=\"slide\" aria-label=\"6 sur 6\"><figure class=\"swiper-slide-inner\"><img decoding=\"async\" class=\"swiper-slide-image\" src=\"https:\/\/galopina.com.mx\/wp-content\/uploads\/2022\/12\/EXPERIENCIA-6.jpg\" alt=\"\" \/><\/figure><\/div>\t\t\t<\/div>\n\t\t\t\t\t\t\t\t\t\t\t\t<div class=\"elementor-swiper-button elementor-swiper-button-prev\" role=\"button\" tabindex=\"0\">\n\t\t\t\t\t\t<i aria-hidden=\"true\" class=\"eicon-chevron-left\"><\/i>\t\t\t\t\t<\/div>\n\t\t\t\t\t<div class=\"elementor-swiper-button elementor-swiper-button-next\" role=\"button\" tabindex=\"0\">\n\t\t\t\t\t\t<i aria-hidden=\"true\" class=\"eicon-chevron-right\"><\/i>\t\t\t\t\t<\/div>\n\t\t\t\t\n\t\t\t\t\t\t\t\t\t<div class=\"swiper-pagination\"><\/div>\n\t\t\t\t\t\t\t\t\t<\/div>\n\t\t\t\t\t\t<\/div>\n\t\t\t\t<\/div>\n\t\t\t\t<div class=\"elementor-element elementor-element-afa12cd elementor-absolute elementor-hidden-mobile arrow-bottom elementor-view-default elementor-widget elementor-widget-icon\" data-id=\"afa12cd\" data-element_type=\"widget\" data-e-type=\"widget\" data-settings=\"{&quot;_position&quot;:&quot;absolute&quot;}\" data-widget_type=\"icon.default\">\n\t\t\t\t<div class=\"elementor-widget-container\">\n\t\t\t\t\t\t\t<div class=\"elementor-icon-wrapper\">\n\t\t\t<a class=\"elementor-icon\" href=\"#experiencia\">\n\t\t\t<i aria-hidden=\"true\" class=\"fas fa-long-arrow-alt-down\"><\/i>\t\t\t<\/a>\n\t\t<\/div>\n\t\t\t\t\t\t<\/div>\n\t\t\t\t<\/div>\n\t\t\t\t\t<\/div>\n\t\t<\/div>\n\t\t\t\t\t<\/div>\n\t\t<\/section>\n\t\t\t\t<section class=\"elementor-section elementor-top-section elementor-element elementor-element-b24e662 elementor-section-boxed elementor-section-height-default elementor-section-height-default\" data-id=\"b24e662\" data-element_type=\"section\" data-e-type=\"section\" id=\"experiencia\">\n\t\t\t\t\t\t<div class=\"elementor-container elementor-column-gap-default\">\n\t\t\t\t\t<div class=\"elementor-column elementor-col-100 elementor-top-column elementor-element elementor-element-edbb0e1\" data-id=\"edbb0e1\" data-element_type=\"column\" data-e-type=\"column\">\n\t\t\t<div class=\"elementor-widget-wrap elementor-element-populated\">\n\t\t\t\t\t\t<div class=\"elementor-element elementor-element-f83da54 elementor-widget elementor-widget-heading\" data-id=\"f83da54\" data-element_type=\"widget\" data-e-type=\"widget\" data-widget_type=\"heading.default\">\n\t\t\t\t<div class=\"elementor-widget-container\">\n\t\t\t\t\t<h2 class=\"elementor-heading-title elementor-size-default\">Exp\u00e9rience<\/h2>\t\t\t\t<\/div>\n\t\t\t\t<\/div>\n\t\t\t\t\t<\/div>\n\t\t<\/div>\n\t\t\t\t\t<\/div>\n\t\t<\/section>\n\t\t\t\t<section class=\"elementor-section elementor-top-section elementor-element elementor-element-abec897 elementor-section-boxed elementor-section-height-default elementor-section-height-default\" data-id=\"abec897\" data-element_type=\"section\" data-e-type=\"section\">\n\t\t\t\t\t\t<div class=\"elementor-container elementor-column-gap-default\">\n\t\t\t\t\t<div class=\"elementor-column elementor-col-100 elementor-top-column elementor-element elementor-element-6f2a400\" data-id=\"6f2a400\" data-element_type=\"column\" data-e-type=\"column\">\n\t\t\t<div class=\"elementor-widget-wrap elementor-element-populated\">\n\t\t\t\t\t\t<div class=\"elementor-element elementor-element-e197aa4 elementor-widget elementor-widget-text-editor\" data-id=\"e197aa4\" data-element_type=\"widget\" data-e-type=\"widget\" data-widget_type=\"text-editor.default\">\n\t\t\t\t<div class=\"elementor-widget-container\">\n\t\t\t\t\t\t\t\t\t<p class=\"p1\">Gr\u00e2ce \u00e0 notre emplacement unique, Galopina vous permet de passer des journ\u00e9es d&rsquo;exploration ou de d\u00e9tente totale. Vous avez la possibilit\u00e9 de d\u00e9couvrir les environs, d\u00b4aller plonger dans les cenotes et comprendre leur myst\u00e8re, d\u00e9couvrir les villages voisins et aller \u00e0 la rencontre de leurs habitants ou enfin, de visiter les couvents et les sites arch\u00e9ologiques.<\/p>\n<p class=\"p1\">Si vous d\u00e9cidez de passer la journ\u00e9e \u00e0 Galopin, nous pouvons vous proposer des collations rafra\u00eechissantes au bord de la piscine. Le soir, le d\u00eener vous attend sous les \u00e9toiles ou \u00e0 l&rsquo;int\u00e9rieur, selon le temps ou vos envies. Vous pourrez d\u00e9guster une cuisine spontan\u00e9e et artisanale.<\/p>\n<p class=\"p1\">\u00c0 la fin de la journ\u00e9e, fermez les yeux, \u00e9coutez la nature et profitez de l\u00b4exp\u00e9rience.<\/p>\n\t\t\t\t\t\t\t\t<\/div>\n\t\t\t\t<\/div>\n\t\t\t\t\t<\/div>\n\t\t<\/div>\n\t\t\t\t\t<\/div>\n\t\t<\/section>\n\t\t\t\t<section class=\"elementor-section elementor-top-section elementor-element elementor-element-8bfbe7c elementor-section-boxed elementor-section-height-default elementor-section-height-default\" data-id=\"8bfbe7c\" data-element_type=\"section\" data-e-type=\"section\">\n\t\t\t\t\t\t<div class=\"elementor-container elementor-column-gap-default\">\n\t\t\t\t\t<div class=\"elementor-column elementor-col-50 elementor-top-column elementor-element elementor-element-b1c9fca\" data-id=\"b1c9fca\" data-element_type=\"column\" data-e-type=\"column\">\n\t\t\t<div class=\"elementor-widget-wrap elementor-element-populated\">\n\t\t\t\t\t\t<div class=\"elementor-element elementor-element-c1479d1 elementor-widget elementor-widget-image\" data-id=\"c1479d1\" data-element_type=\"widget\" data-e-type=\"widget\" data-widget_type=\"image.default\">\n\t\t\t\t<div class=\"elementor-widget-container\">\n\t\t\t\t\t\t\t\t\t\t\t\t\t\t\t<img fetchpriority=\"high\" decoding=\"async\" width=\"780\" height=\"498\" src=\"https:\/\/galopina.com.mx\/wp-content\/uploads\/2022\/01\/Experiencia-mosaico-1024x654.jpg\" class=\"attachment-large size-large wp-image-10313\" alt=\"\" srcset=\"https:\/\/galopina.com.mx\/wp-content\/uploads\/2022\/01\/Experiencia-mosaico-1024x654.jpg 1024w, https:\/\/galopina.com.mx\/wp-content\/uploads\/2022\/01\/Experiencia-mosaico-300x192.jpg 300w, https:\/\/galopina.com.mx\/wp-content\/uploads\/2022\/01\/Experiencia-mosaico-768x490.jpg 768w, https:\/\/galopina.com.mx\/wp-content\/uploads\/2022\/01\/Experiencia-mosaico-470x300.jpg 470w, https:\/\/galopina.com.mx\/wp-content\/uploads\/2022\/01\/Experiencia-mosaico.jpg 1284w\" sizes=\"(max-width: 780px) 100vw, 780px\" \/>\t\t\t\t\t\t\t\t\t\t\t\t\t\t\t<\/div>\n\t\t\t\t<\/div>\n\t\t\t\t\t<\/div>\n\t\t<\/div>\n\t\t\t\t<div class=\"elementor-column elementor-col-50 elementor-top-column elementor-element elementor-element-a097618\" data-id=\"a097618\" data-element_type=\"column\" data-e-type=\"column\">\n\t\t\t<div class=\"elementor-widget-wrap elementor-element-populated\">\n\t\t\t\t\t\t<div class=\"elementor-element elementor-element-ddf6a35 elementor-widget elementor-widget-text-editor\" data-id=\"ddf6a35\" data-element_type=\"widget\" data-e-type=\"widget\" data-widget_type=\"text-editor.default\">\n\t\t\t\t<div class=\"elementor-widget-container\">\n\t\t\t\t\t\t\t\t\t<p class=\"p1\"><b>\u00c0 Galopina, nous vous proposons :<\/b><\/p>\n\t\t\t\t\t\t\t\t<\/div>\n\t\t\t\t<\/div>\n\t\t\t\t<div class=\"elementor-element elementor-element-dc7ebca elementor-widget elementor-widget-text-editor\" data-id=\"dc7ebca\" data-element_type=\"widget\" data-e-type=\"widget\" data-widget_type=\"text-editor.default\">\n\t\t\t\t<div class=\"elementor-widget-container\">\n\t\t\t\t\t\t\t\t\t<p>&#8211; Petit d\u00e9jeuner inclus (copieux et frais)<\/p>\n<p>&#8211; Piscine<\/p>\n<p>&#8211; D\u00eener sur demande<\/p>\n<p>&#8211; Service de snacks<\/p>\n<p>&#8211; Bar en libre service<\/p>\n<p>&#8211; Boutique Galopina<\/p>\n<p>&#8211; Massage sur demande<\/p>\n\t\t\t\t\t\t\t\t<\/div>\n\t\t\t\t<\/div>\n\t\t\t\t\t<\/div>\n\t\t<\/div>\n\t\t\t\t\t<\/div>\n\t\t<\/section>\n\t\t\t\t<section class=\"elementor-section elementor-top-section elementor-element elementor-element-01e104f elementor-section-boxed elementor-section-height-default elementor-section-height-default\" data-id=\"01e104f\" data-element_type=\"section\" data-e-type=\"section\">\n\t\t\t\t\t\t<div class=\"elementor-container elementor-column-gap-default\">\n\t\t\t\t\t<div class=\"elementor-column elementor-col-50 elementor-top-column elementor-element elementor-element-fca6bb3\" data-id=\"fca6bb3\" data-element_type=\"column\" data-e-type=\"column\">\n\t\t\t<div class=\"elementor-widget-wrap elementor-element-populated\">\n\t\t\t\t\t\t<div class=\"elementor-element elementor-element-7ed0bdd elementor-widget elementor-widget-text-editor\" data-id=\"7ed0bdd\" data-element_type=\"widget\" data-e-type=\"widget\" data-widget_type=\"text-editor.default\">\n\t\t\t\t<div class=\"elementor-widget-container\">\n\t\t\t\t\t\t\t\t\t<p class=\"p1\"><b>Autour de Galopina, vous pouvez explorer :<span class=\"Apple-converted-space\"> <\/span><\/b><\/p>\n\t\t\t\t\t\t\t\t<\/div>\n\t\t\t\t<\/div>\n\t\t\t\t<div class=\"elementor-element elementor-element-45a0da0 elementor-widget elementor-widget-text-editor\" data-id=\"45a0da0\" data-element_type=\"widget\" data-e-type=\"widget\" data-widget_type=\"text-editor.default\">\n\t\t\t\t<div class=\"elementor-widget-container\">\n\t\t\t\t\t\t\t\t\t<p>&#8211; Sites arch\u00e9ologiques d&rsquo;Uxmal et de Mayap\u00e1n<\/p>\n<p>&#8211; Tour des c\u00e9notes de Galopina (snorkelling ou plong\u00e9e)<\/p>\n<p>&#8211; Visite du Plantel Matilde<\/p>\n<p>&#8211; Pueblo M\u00e1gico Man\u00ed et son meliponarium<\/p>\n<p>&#8211; Pueblo M\u00e1gico Izamal<\/p>\n<p>&#8211; Celestun et ses flamants roses<\/p>\n<p>&#8211; M\u00e9rida<\/p>\t\t\t\t\t\t\t\t<\/div>\n\t\t\t\t<\/div>\n\t\t\t\t\t<\/div>\n\t\t<\/div>\n\t\t\t\t<div class=\"elementor-column elementor-col-50 elementor-top-column elementor-element elementor-element-dedbdc2\" data-id=\"dedbdc2\" data-element_type=\"column\" data-e-type=\"column\">\n\t\t\t<div class=\"elementor-widget-wrap elementor-element-populated\">\n\t\t\t\t\t\t<div class=\"elementor-element elementor-element-d223b22 elementor-widget elementor-widget-image\" data-id=\"d223b22\" data-element_type=\"widget\" data-e-type=\"widget\" data-widget_type=\"image.default\">\n\t\t\t\t<div class=\"elementor-widget-container\">\n\t\t\t\t\t\t\t\t\t\t\t\t\t\t\t<img decoding=\"async\" src=\"https:\/\/galopina.com.mx\/wp-content\/uploads\/2023\/10\/Experiencia-mosaico.jpg\" title=\"\" alt=\"\" loading=\"lazy\" \/>\t\t\t\t\t\t\t\t\t\t\t\t\t\t\t<\/div>\n\t\t\t\t<\/div>\n\t\t\t\t\t<\/div>\n\t\t<\/div>\n\t\t\t\t\t<\/div>\n\t\t<\/section>\n\t\t\t\t<section class=\"elementor-section elementor-top-section elementor-element elementor-element-e477bb1 elementor-section-boxed elementor-section-height-default elementor-section-height-default\" data-id=\"e477bb1\" data-element_type=\"section\" data-e-type=\"section\">\n\t\t\t\t\t\t<div class=\"elementor-container elementor-column-gap-default\">\n\t\t\t\t\t<div class=\"elementor-column elementor-col-100 elementor-top-column elementor-element elementor-element-9284fce\" data-id=\"9284fce\" data-element_type=\"column\" data-e-type=\"column\">\n\t\t\t<div class=\"elementor-widget-wrap elementor-element-populated\">\n\t\t\t\t\t\t<div class=\"elementor-element elementor-element-538a4cd elementor-widget elementor-widget-text-editor\" data-id=\"538a4cd\" data-element_type=\"widget\" data-e-type=\"widget\" data-widget_type=\"text-editor.default\">\n\t\t\t\t<div class=\"elementor-widget-container\">\n\t\t\t\t\t\t\t\t\t<p class=\"p1\">Une fois \u00e0 Galopina, nous vous donnerons toutes les recommandations pour rendre ces explorations inoubliables (que visiter, o\u00f9 manger&#8230;).<\/p>\n\t\t\t\t\t\t\t\t<\/div>\n\t\t\t\t<\/div>\n\t\t\t\t\t<\/div>\n\t\t<\/div>\n\t\t\t\t\t<\/div>\n\t\t<\/section>\n\t\t\t\t<\/div>\n\t\t","protected":false},"excerpt":{"rendered":"<p>Exp\u00e9rience Gr\u00e2ce \u00e0 notre emplacement unique, Galopina vous permet de passer des journ\u00e9es d&rsquo;exploration ou de d\u00e9tente totale. Vous avez la possibilit\u00e9 de d\u00e9couvrir les environs, d\u00b4aller plonger dans les cenotes et comprendre leur myst\u00e8re, d\u00e9couvrir les villages voisins et aller \u00e0 la rencontre de leurs habitants ou enfin, de visiter les couvents et les [&hellip;]<\/p>\n","protected":false},"author":1,"featured_media":0,"parent":0,"menu_order":0,"comment_status":"closed","ping_status":"closed","template":"elementor_header_footer","meta":{"_joinchat":[],"footnotes":""},"class_list":["post-10312","page","type-page","status-publish","hentry"],"yoast_head":"<!-- This site is optimized with the Yoast SEO plugin v27.4 - https:\/\/yoast.com\/product\/yoast-seo-wordpress\/ -->\n<title>EXP\u00c9RIENCE - Galopina<\/title>\n<meta name=\"robots\" content=\"index, follow, max-snippet:-1, max-image-preview:large, max-video-preview:-1\" \/>\n<link rel=\"canonical\" href=\"https:\/\/galopina.com.mx\/fr\/experience\/\" \/>\n<meta property=\"og:locale\" content=\"fr_FR\" \/>\n<meta property=\"og:type\" content=\"article\" \/>\n<meta property=\"og:title\" content=\"EXP\u00c9RIENCE - Galopina\" \/>\n<meta property=\"og:description\" content=\"Exp\u00e9rience Gr\u00e2ce \u00e0 notre emplacement unique, Galopina vous permet de passer des journ\u00e9es d&rsquo;exploration ou de d\u00e9tente totale. Vous avez la possibilit\u00e9 de d\u00e9couvrir les environs, d\u00b4aller plonger dans les cenotes et comprendre leur myst\u00e8re, d\u00e9couvrir les villages voisins et aller \u00e0 la rencontre de leurs habitants ou enfin, de visiter les couvents et les [&hellip;]\" \/>\n<meta property=\"og:url\" content=\"https:\/\/galopina.com.mx\/fr\/experience\/\" \/>\n<meta property=\"og:site_name\" content=\"Galopina\" \/>\n<meta property=\"article:publisher\" content=\"https:\/\/www.facebook.com\/galopinacasasilvestre\/\" \/>\n<meta property=\"article:modified_time\" content=\"2024-06-17T18:41:43+00:00\" \/>\n<meta property=\"og:image\" content=\"https:\/\/galopina.com.mx\/wp-content\/uploads\/2022\/12\/EXPERIENCIA-2.jpg\" \/>\n<meta name=\"twitter:card\" content=\"summary_large_image\" \/>\n<meta name=\"twitter:label1\" content=\"Dur\u00e9e de lecture estim\u00e9e\" \/>\n\t<meta name=\"twitter:data1\" content=\"1 minute\" \/>\n<script type=\"application\/ld+json\" class=\"yoast-schema-graph\">{\"@context\":\"https:\\\/\\\/schema.org\",\"@graph\":[{\"@type\":\"WebPage\",\"@id\":\"https:\\\/\\\/galopina.com.mx\\\/fr\\\/experience\\\/\",\"url\":\"https:\\\/\\\/galopina.com.mx\\\/fr\\\/experience\\\/\",\"name\":\"EXP\u00c9RIENCE - Galopina\",\"isPartOf\":{\"@id\":\"https:\\\/\\\/galopina.com.mx\\\/fr\\\/#website\"},\"primaryImageOfPage\":{\"@id\":\"https:\\\/\\\/galopina.com.mx\\\/fr\\\/experience\\\/#primaryimage\"},\"image\":{\"@id\":\"https:\\\/\\\/galopina.com.mx\\\/fr\\\/experience\\\/#primaryimage\"},\"thumbnailUrl\":\"https:\\\/\\\/galopina.com.mx\\\/wp-content\\\/uploads\\\/2022\\\/12\\\/EXPERIENCIA-2.jpg\",\"datePublished\":\"2024-05-29T17:06:29+00:00\",\"dateModified\":\"2024-06-17T18:41:43+00:00\",\"breadcrumb\":{\"@id\":\"https:\\\/\\\/galopina.com.mx\\\/fr\\\/experience\\\/#breadcrumb\"},\"inLanguage\":\"fr-FR\",\"potentialAction\":[{\"@type\":\"ReadAction\",\"target\":[\"https:\\\/\\\/galopina.com.mx\\\/fr\\\/experience\\\/\"]}]},{\"@type\":\"ImageObject\",\"inLanguage\":\"fr-FR\",\"@id\":\"https:\\\/\\\/galopina.com.mx\\\/fr\\\/experience\\\/#primaryimage\",\"url\":\"https:\\\/\\\/galopina.com.mx\\\/wp-content\\\/uploads\\\/2022\\\/12\\\/EXPERIENCIA-2.jpg\",\"contentUrl\":\"https:\\\/\\\/galopina.com.mx\\\/wp-content\\\/uploads\\\/2022\\\/12\\\/EXPERIENCIA-2.jpg\"},{\"@type\":\"BreadcrumbList\",\"@id\":\"https:\\\/\\\/galopina.com.mx\\\/fr\\\/experience\\\/#breadcrumb\",\"itemListElement\":[{\"@type\":\"ListItem\",\"position\":1,\"name\":\"Portada\",\"item\":\"https:\\\/\\\/galopina.com.mx\\\/fr\\\/accueil\\\/\"},{\"@type\":\"ListItem\",\"position\":2,\"name\":\"EXP\u00c9RIENCE\"}]},{\"@type\":\"WebSite\",\"@id\":\"https:\\\/\\\/galopina.com.mx\\\/fr\\\/#website\",\"url\":\"https:\\\/\\\/galopina.com.mx\\\/fr\\\/\",\"name\":\"Galopina\",\"description\":\"Casa Silvestre\",\"publisher\":{\"@id\":\"https:\\\/\\\/galopina.com.mx\\\/fr\\\/#organization\"},\"potentialAction\":[{\"@type\":\"SearchAction\",\"target\":{\"@type\":\"EntryPoint\",\"urlTemplate\":\"https:\\\/\\\/galopina.com.mx\\\/fr\\\/?s={search_term_string}\"},\"query-input\":{\"@type\":\"PropertyValueSpecification\",\"valueRequired\":true,\"valueName\":\"search_term_string\"}}],\"inLanguage\":\"fr-FR\"},{\"@type\":\"Organization\",\"@id\":\"https:\\\/\\\/galopina.com.mx\\\/fr\\\/#organization\",\"name\":\"Galopina\",\"url\":\"https:\\\/\\\/galopina.com.mx\\\/fr\\\/\",\"logo\":{\"@type\":\"ImageObject\",\"inLanguage\":\"fr-FR\",\"@id\":\"https:\\\/\\\/galopina.com.mx\\\/fr\\\/#\\\/schema\\\/logo\\\/image\\\/\",\"url\":\"https:\\\/\\\/galopina.com.mx\\\/wp-content\\\/uploads\\\/2022\\\/01\\\/Logo_Galopina_BG_verde.png\",\"contentUrl\":\"https:\\\/\\\/galopina.com.mx\\\/wp-content\\\/uploads\\\/2022\\\/01\\\/Logo_Galopina_BG_verde.png\",\"width\":792,\"height\":612,\"caption\":\"Galopina\"},\"image\":{\"@id\":\"https:\\\/\\\/galopina.com.mx\\\/fr\\\/#\\\/schema\\\/logo\\\/image\\\/\"},\"sameAs\":[\"https:\\\/\\\/www.facebook.com\\\/galopinacasasilvestre\\\/\",\"https:\\\/\\\/www.instagram.com\\\/galopina_casasilvestre\\\/\"]}]}<\/script>\n<!-- \/ Yoast SEO plugin. -->","yoast_head_json":{"title":"EXP\u00c9RIENCE - Galopina","robots":{"index":"index","follow":"follow","max-snippet":"max-snippet:-1","max-image-preview":"max-image-preview:large","max-video-preview":"max-video-preview:-1"},"canonical":"https:\/\/galopina.com.mx\/fr\/experience\/","og_locale":"fr_FR","og_type":"article","og_title":"EXP\u00c9RIENCE - Galopina","og_description":"Exp\u00e9rience Gr\u00e2ce \u00e0 notre emplacement unique, Galopina vous permet de passer des journ\u00e9es d&rsquo;exploration ou de d\u00e9tente totale. Vous avez la possibilit\u00e9 de d\u00e9couvrir les environs, d\u00b4aller plonger dans les cenotes et comprendre leur myst\u00e8re, d\u00e9couvrir les villages voisins et aller \u00e0 la rencontre de leurs habitants ou enfin, de visiter les couvents et les [&hellip;]","og_url":"https:\/\/galopina.com.mx\/fr\/experience\/","og_site_name":"Galopina","article_publisher":"https:\/\/www.facebook.com\/galopinacasasilvestre\/","article_modified_time":"2024-06-17T18:41:43+00:00","og_image":[{"url":"https:\/\/galopina.com.mx\/wp-content\/uploads\/2022\/12\/EXPERIENCIA-2.jpg","type":"","width":"","height":""}],"twitter_card":"summary_large_image","twitter_misc":{"Dur\u00e9e de lecture estim\u00e9e":"1 minute"},"schema":{"@context":"https:\/\/schema.org","@graph":[{"@type":"WebPage","@id":"https:\/\/galopina.com.mx\/fr\/experience\/","url":"https:\/\/galopina.com.mx\/fr\/experience\/","name":"EXP\u00c9RIENCE - Galopina","isPartOf":{"@id":"https:\/\/galopina.com.mx\/fr\/#website"},"primaryImageOfPage":{"@id":"https:\/\/galopina.com.mx\/fr\/experience\/#primaryimage"},"image":{"@id":"https:\/\/galopina.com.mx\/fr\/experience\/#primaryimage"},"thumbnailUrl":"https:\/\/galopina.com.mx\/wp-content\/uploads\/2022\/12\/EXPERIENCIA-2.jpg","datePublished":"2024-05-29T17:06:29+00:00","dateModified":"2024-06-17T18:41:43+00:00","breadcrumb":{"@id":"https:\/\/galopina.com.mx\/fr\/experience\/#breadcrumb"},"inLanguage":"fr-FR","potentialAction":[{"@type":"ReadAction","target":["https:\/\/galopina.com.mx\/fr\/experience\/"]}]},{"@type":"ImageObject","inLanguage":"fr-FR","@id":"https:\/\/galopina.com.mx\/fr\/experience\/#primaryimage","url":"https:\/\/galopina.com.mx\/wp-content\/uploads\/2022\/12\/EXPERIENCIA-2.jpg","contentUrl":"https:\/\/galopina.com.mx\/wp-content\/uploads\/2022\/12\/EXPERIENCIA-2.jpg"},{"@type":"BreadcrumbList","@id":"https:\/\/galopina.com.mx\/fr\/experience\/#breadcrumb","itemListElement":[{"@type":"ListItem","position":1,"name":"Portada","item":"https:\/\/galopina.com.mx\/fr\/accueil\/"},{"@type":"ListItem","position":2,"name":"EXP\u00c9RIENCE"}]},{"@type":"WebSite","@id":"https:\/\/galopina.com.mx\/fr\/#website","url":"https:\/\/galopina.com.mx\/fr\/","name":"Galopina","description":"Casa Silvestre","publisher":{"@id":"https:\/\/galopina.com.mx\/fr\/#organization"},"potentialAction":[{"@type":"SearchAction","target":{"@type":"EntryPoint","urlTemplate":"https:\/\/galopina.com.mx\/fr\/?s={search_term_string}"},"query-input":{"@type":"PropertyValueSpecification","valueRequired":true,"valueName":"search_term_string"}}],"inLanguage":"fr-FR"},{"@type":"Organization","@id":"https:\/\/galopina.com.mx\/fr\/#organization","name":"Galopina","url":"https:\/\/galopina.com.mx\/fr\/","logo":{"@type":"ImageObject","inLanguage":"fr-FR","@id":"https:\/\/galopina.com.mx\/fr\/#\/schema\/logo\/image\/","url":"https:\/\/galopina.com.mx\/wp-content\/uploads\/2022\/01\/Logo_Galopina_BG_verde.png","contentUrl":"https:\/\/galopina.com.mx\/wp-content\/uploads\/2022\/01\/Logo_Galopina_BG_verde.png","width":792,"height":612,"caption":"Galopina"},"image":{"@id":"https:\/\/galopina.com.mx\/fr\/#\/schema\/logo\/image\/"},"sameAs":["https:\/\/www.facebook.com\/galopinacasasilvestre\/","https:\/\/www.instagram.com\/galopina_casasilvestre\/"]}]}},"_links":{"self":[{"href":"https:\/\/galopina.com.mx\/fr\/wp-json\/wp\/v2\/pages\/10312","targetHints":{"allow":["GET"]}}],"collection":[{"href":"https:\/\/galopina.com.mx\/fr\/wp-json\/wp\/v2\/pages"}],"about":[{"href":"https:\/\/galopina.com.mx\/fr\/wp-json\/wp\/v2\/types\/page"}],"author":[{"embeddable":true,"href":"https:\/\/galopina.com.mx\/fr\/wp-json\/wp\/v2\/users\/1"}],"replies":[{"embeddable":true,"href":"https:\/\/galopina.com.mx\/fr\/wp-json\/wp\/v2\/comments?post=10312"}],"version-history":[{"count":4,"href":"https:\/\/galopina.com.mx\/fr\/wp-json\/wp\/v2\/pages\/10312\/revisions"}],"predecessor-version":[{"id":10826,"href":"https:\/\/galopina.com.mx\/fr\/wp-json\/wp\/v2\/pages\/10312\/revisions\/10826"}],"wp:attachment":[{"href":"https:\/\/galopina.com.mx\/fr\/wp-json\/wp\/v2\/media?parent=10312"}],"curies":[{"name":"wp","href":"https:\/\/api.w.org\/{rel}","templated":true}]}}