{"id":10361,"date":"2024-05-29T11:31:59","date_gmt":"2024-05-29T17:31:59","guid":{"rendered":"https:\/\/galopina.com.mx\/suites-tierra-2\/"},"modified":"2026-03-14T07:21:44","modified_gmt":"2026-03-14T13:21:44","slug":"suites-tierra-2","status":"publish","type":"page","link":"https:\/\/galopina.com.mx\/fr\/suites-tierra-2\/","title":{"rendered":"Suites TIERRA"},"content":{"rendered":"\t\t<div data-elementor-type=\"wp-page\" data-elementor-id=\"10361\" class=\"elementor elementor-10361 elementor-60\" data-elementor-post-type=\"page\">\n\t\t\t\t\t\t<section class=\"elementor-section elementor-top-section elementor-element elementor-element-d90f9b4 elementor-hidden-mobile elementor-section-boxed elementor-section-height-default elementor-section-height-default\" data-id=\"d90f9b4\" data-element_type=\"section\" data-e-type=\"section\" data-settings=\"{&quot;background_background&quot;:&quot;classic&quot;}\">\n\t\t\t\t\t\t<div class=\"elementor-container elementor-column-gap-no\">\n\t\t\t\t\t<div class=\"elementor-column elementor-col-100 elementor-top-column elementor-element elementor-element-0e1cebe\" data-id=\"0e1cebe\" data-element_type=\"column\" data-e-type=\"column\">\n\t\t\t<div class=\"elementor-widget-wrap elementor-element-populated\">\n\t\t\t\t\t\t<div class=\"elementor-element elementor-element-1670ab8 elementor-widget elementor-widget-spacer\" data-id=\"1670ab8\" data-element_type=\"widget\" data-e-type=\"widget\" data-widget_type=\"spacer.default\">\n\t\t\t\t<div class=\"elementor-widget-container\">\n\t\t\t\t\t\t\t<div class=\"elementor-spacer\">\n\t\t\t<div class=\"elementor-spacer-inner\"><\/div>\n\t\t<\/div>\n\t\t\t\t\t\t<\/div>\n\t\t\t\t<\/div>\n\t\t\t\t\t<\/div>\n\t\t<\/div>\n\t\t\t\t\t<\/div>\n\t\t<\/section>\n\t\t\t\t<section class=\"elementor-section elementor-top-section elementor-element elementor-element-8c5e1d8 elementor-section-boxed elementor-section-height-default elementor-section-height-default\" data-id=\"8c5e1d8\" data-element_type=\"section\" data-e-type=\"section\" data-settings=\"{&quot;background_background&quot;:&quot;classic&quot;}\">\n\t\t\t\t\t\t<div class=\"elementor-container elementor-column-gap-no\">\n\t\t\t\t\t<div class=\"elementor-column elementor-col-100 elementor-top-column elementor-element elementor-element-6d1421c\" data-id=\"6d1421c\" data-element_type=\"column\" data-e-type=\"column\">\n\t\t\t<div class=\"elementor-widget-wrap elementor-element-populated\">\n\t\t\t\t\t\t<div class=\"elementor-element elementor-element-805e40c elementor-widget elementor-widget-heading\" data-id=\"805e40c\" data-element_type=\"widget\" data-e-type=\"widget\" data-widget_type=\"heading.default\">\n\t\t\t\t<div class=\"elementor-widget-container\">\n\t\t\t\t\t<h1 class=\"elementor-heading-title elementor-size-default\">Suites<\/h1>\t\t\t\t<\/div>\n\t\t\t\t<\/div>\n\t\t\t\t<div class=\"elementor-element elementor-element-1ff481e elementor-widget elementor-widget-heading\" data-id=\"1ff481e\" data-element_type=\"widget\" data-e-type=\"widget\" data-widget_type=\"heading.default\">\n\t\t\t\t<div class=\"elementor-widget-container\">\n\t\t\t\t\t<h2 class=\"elementor-heading-title elementor-size-default\">Galopina dispose de 5 suites avec terrasse priv\u00e9e.<br><br>Les suites TIERRA offrent une immersion dans la v\u00e9g\u00e9tation end\u00e9mique yucat\u00e8que et les suites CIELO offrent une vue imprenable sur la cime des arbres.<\/h2>\t\t\t\t<\/div>\n\t\t\t\t<\/div>\n\t\t\t\t<section class=\"elementor-section elementor-inner-section elementor-element elementor-element-6834b9e elementor-section-boxed elementor-section-height-default elementor-section-height-default\" data-id=\"6834b9e\" data-element_type=\"section\" data-e-type=\"section\">\n\t\t\t\t\t\t<div class=\"elementor-container elementor-column-gap-default\">\n\t\t\t\t\t<div class=\"elementor-column elementor-col-50 elementor-inner-column elementor-element elementor-element-a3cdc9a\" data-id=\"a3cdc9a\" data-element_type=\"column\" data-e-type=\"column\">\n\t\t\t<div class=\"elementor-widget-wrap elementor-element-populated\">\n\t\t\t\t\t\t<div class=\"elementor-element elementor-element-525d353 elementor-align-right elementor-mobile-align-right elementor-widget elementor-widget-button\" data-id=\"525d353\" data-element_type=\"widget\" data-e-type=\"widget\" data-settings=\"{&quot;sticky&quot;:&quot;top&quot;,&quot;sticky_on&quot;:[&quot;desktop&quot;,&quot;tablet&quot;,&quot;mobile&quot;],&quot;sticky_offset&quot;:0,&quot;sticky_effects_offset&quot;:0,&quot;sticky_anchor_link_offset&quot;:0}\" data-widget_type=\"button.default\">\n\t\t\t\t<div class=\"elementor-widget-container\">\n\t\t\t\t\t\t\t\t\t<div class=\"elementor-button-wrapper\">\n\t\t\t\t\t<a class=\"elementor-button elementor-button-link elementor-size-sm elementor-animation-grow\" href=\"https:\/\/galopina.com.mx\/fr\/suites-tierra-2\/\">\n\t\t\t\t\t\t<span class=\"elementor-button-content-wrapper\">\n\t\t\t\t\t\t\t\t\t<span class=\"elementor-button-text\">TIERRA<\/span>\n\t\t\t\t\t<\/span>\n\t\t\t\t\t<\/a>\n\t\t\t\t<\/div>\n\t\t\t\t\t\t\t\t<\/div>\n\t\t\t\t<\/div>\n\t\t\t\t\t<\/div>\n\t\t<\/div>\n\t\t\t\t<div class=\"elementor-column elementor-col-50 elementor-inner-column elementor-element elementor-element-0d9019f\" data-id=\"0d9019f\" data-element_type=\"column\" data-e-type=\"column\">\n\t\t\t<div class=\"elementor-widget-wrap elementor-element-populated\">\n\t\t\t\t\t\t<div class=\"elementor-element elementor-element-0d4ef6a elementor-align-left elementor-mobile-align-left elementor-widget elementor-widget-button\" data-id=\"0d4ef6a\" data-element_type=\"widget\" data-e-type=\"widget\" data-settings=\"{&quot;sticky&quot;:&quot;top&quot;,&quot;sticky_on&quot;:[&quot;desktop&quot;,&quot;tablet&quot;,&quot;mobile&quot;],&quot;sticky_offset&quot;:0,&quot;sticky_effects_offset&quot;:0,&quot;sticky_anchor_link_offset&quot;:0}\" data-widget_type=\"button.default\">\n\t\t\t\t<div class=\"elementor-widget-container\">\n\t\t\t\t\t\t\t\t\t<div class=\"elementor-button-wrapper\">\n\t\t\t\t\t<a class=\"elementor-button elementor-button-link elementor-size-sm elementor-animation-grow\" href=\"https:\/\/galopina.com.mx\/fr\/suites-cielo\/\">\n\t\t\t\t\t\t<span class=\"elementor-button-content-wrapper\">\n\t\t\t\t\t\t\t\t\t<span class=\"elementor-button-text\">CIELO<\/span>\n\t\t\t\t\t<\/span>\n\t\t\t\t\t<\/a>\n\t\t\t\t<\/div>\n\t\t\t\t\t\t\t\t<\/div>\n\t\t\t\t<\/div>\n\t\t\t\t\t<\/div>\n\t\t<\/div>\n\t\t\t\t\t<\/div>\n\t\t<\/section>\n\t\t\t\t\t<\/div>\n\t\t<\/div>\n\t\t\t\t\t<\/div>\n\t\t<\/section>\n\t\t\t\t<section class=\"elementor-section elementor-top-section elementor-element elementor-element-7a41bed elementor-section-full_width elementor-section-height-default elementor-section-height-default\" data-id=\"7a41bed\" data-element_type=\"section\" data-e-type=\"section\">\n\t\t\t\t\t\t<div class=\"elementor-container elementor-column-gap-no\">\n\t\t\t\t\t<div class=\"elementor-column elementor-col-33 elementor-top-column elementor-element elementor-element-0d045ff\" data-id=\"0d045ff\" data-element_type=\"column\" data-e-type=\"column\">\n\t\t\t<div class=\"elementor-widget-wrap elementor-element-populated\">\n\t\t\t\t\t\t<div class=\"elementor-element elementor-element-f364876 elementor-flip-box--effect-fade elementor-widget elementor-widget-flip-box\" data-id=\"f364876\" data-element_type=\"widget\" data-e-type=\"widget\" data-widget_type=\"flip-box.default\">\n\t\t\t\t<div class=\"elementor-widget-container\">\n\t\t\t\t\t\t\t<div class=\"elementor-flip-box\" tabindex=\"0\">\n\t\t\t<div class=\"elementor-flip-box__layer elementor-flip-box__front\">\n\t\t\t\t<div class=\"elementor-flip-box__layer__overlay\">\n\t\t\t\t\t<div class=\"elementor-flip-box__layer__inner\">\n\t\t\t\t\t\t\t\t\t\t\t\t\t<div class=\"elementor-icon-wrapper elementor-view-default\">\n\t\t\t\t\t\t\t\t<div class=\"elementor-icon\">\n\t\t\t\t\t\t\t\t\t\t\t\t\t\t\t\t\t<\/div>\n\t\t\t\t\t\t\t<\/div>\n\t\t\t\t\t\t\n\t\t\t\t\t\t\t\t\t\t\t\t\t<h3 class=\"elementor-flip-box__layer__title\">\n\t\t\t\t\t\t\t\tJABIN\t\t\t\t\t\t\t<\/h3>\n\t\t\t\t\t\t\n\t\t\t\t\t\t\t\t\t\t\t\t\t<div class=\"elementor-flip-box__layer__description\">\n\t\t\t\t\t\t\t\tRESERVER\t\t\t\t\t\t\t<\/div>\n\t\t\t\t\t\t\t\t\t\t\t<\/div>\n\t\t\t\t<\/div>\n\t\t\t<\/div>\n\t\t\t<div class=\"elementor-flip-box__layer elementor-flip-box__back\">\n\t\t\t<div class=\"elementor-flip-box__layer__overlay\">\n\t\t\t\t<div class=\"elementor-flip-box__layer__inner\">\n\t\t\t\t\t\n\t\t\t\t\t\t\t\t\t\t\t<div class=\"elementor-flip-box__layer__description\">\n\t\t\t\t\t\t\tAu rez-de-chauss\u00e9e, Toh vous offre une exp\u00e9rience en immersion au plus proche de la nature. Dormez et r\u00e9veillez-vous avec une vue sur la v\u00e9g\u00e9tation end\u00e9mique yucat\u00e8que.\n<br><br>Commodit\u00e9s :<br>Lit king size, double lavabo, terrasse priv\u00e9e, WiFi haut d\u00e9bit, bureau de travail, hamac, climatisation, r\u00e9frig\u00e9rateur, coffre-fort, s\u00e8che-cheveux, tapis de yoga et petit d\u00e9jeuner inclus.\t\t\t\t\t\t<\/div>\n\t\t\t\t\t\n\t\t\t\t\t\t\t\t\t\t\t<a class=\"elementor-flip-box__button elementor-button elementor-size-xs\" href=\"https:\/\/us2.cloudbeds.com\/fr\/reservation\/U7EbX4\" target=\"_blank\">\n\t\t\t\t\t\t\tRESERVER\t\t\t\t\t\t<\/a>\n\t\t\t\t\t\t\t\t<\/div>\n\t\t<\/div>\n\t\t<\/div>\n\t\t<\/div>\n\t\t\t\t\t\t<\/div>\n\t\t\t\t<\/div>\n\t\t\t\t\t<\/div>\n\t\t<\/div>\n\t\t\t\t<div class=\"elementor-column elementor-col-33 elementor-top-column elementor-element elementor-element-d472985\" data-id=\"d472985\" data-element_type=\"column\" data-e-type=\"column\">\n\t\t\t<div class=\"elementor-widget-wrap elementor-element-populated\">\n\t\t\t\t\t\t<div class=\"elementor-element elementor-element-739c05f elementor-flip-box--effect-fade elementor-widget elementor-widget-flip-box\" data-id=\"739c05f\" data-element_type=\"widget\" data-e-type=\"widget\" data-widget_type=\"flip-box.default\">\n\t\t\t\t<div class=\"elementor-widget-container\">\n\t\t\t\t\t\t\t<div class=\"elementor-flip-box\" tabindex=\"0\">\n\t\t\t<div class=\"elementor-flip-box__layer elementor-flip-box__front\">\n\t\t\t\t<div class=\"elementor-flip-box__layer__overlay\">\n\t\t\t\t\t<div class=\"elementor-flip-box__layer__inner\">\n\t\t\t\t\t\t\t\t\t\t\t\t\t<div class=\"elementor-icon-wrapper elementor-view-default\">\n\t\t\t\t\t\t\t\t<div class=\"elementor-icon\">\n\t\t\t\t\t\t\t\t\t\t\t\t\t\t\t\t\t<\/div>\n\t\t\t\t\t\t\t<\/div>\n\t\t\t\t\t\t\n\t\t\t\t\t\t\t\t\t\t\t\t\t<h3 class=\"elementor-flip-box__layer__title\">\n\t\t\t\t\t\t\t\tTOH\t\t\t\t\t\t\t<\/h3>\n\t\t\t\t\t\t\n\t\t\t\t\t\t\t\t\t\t\t\t\t<div class=\"elementor-flip-box__layer__description\">\n\t\t\t\t\t\t\t\tRESERVER\t\t\t\t\t\t\t<\/div>\n\t\t\t\t\t\t\t\t\t\t\t<\/div>\n\t\t\t\t<\/div>\n\t\t\t<\/div>\n\t\t\t<div class=\"elementor-flip-box__layer elementor-flip-box__back\">\n\t\t\t<div class=\"elementor-flip-box__layer__overlay\">\n\t\t\t\t<div class=\"elementor-flip-box__layer__inner\">\n\t\t\t\t\t\n\t\t\t\t\t\t\t\t\t\t\t<div class=\"elementor-flip-box__layer__description\">\n\t\t\t\t\t\t\tAu rez-de-chauss\u00e9e, Toh vous offre une exp\u00e9rience en immersion au plus proche de la nature. Dormez et r\u00e9veillez-vous avec une vue sur la v\u00e9g\u00e9tation end\u00e9mique yucat\u00e8que.\n<br><br>Commodit\u00e9s :<br>Lit king size, double lavabo, terrasse priv\u00e9e, WiFi haut d\u00e9bit, bureau de travail, hamac, climatisation, r\u00e9frig\u00e9rateur, coffre-fort, s\u00e8che-cheveux, tapis de yoga et petit d\u00e9jeuner inclus.\t\t\t\t\t\t<\/div>\n\t\t\t\t\t\n\t\t\t\t\t\t\t\t\t\t\t<a class=\"elementor-flip-box__button elementor-button elementor-size-xs\" href=\"https:\/\/us2.cloudbeds.com\/fr\/reservation\/U7EbX4\" target=\"_blank\">\n\t\t\t\t\t\t\tRESERVER\t\t\t\t\t\t<\/a>\n\t\t\t\t\t\t\t\t<\/div>\n\t\t<\/div>\n\t\t<\/div>\n\t\t<\/div>\n\t\t\t\t\t\t<\/div>\n\t\t\t\t<\/div>\n\t\t\t\t\t<\/div>\n\t\t<\/div>\n\t\t\t\t<div class=\"elementor-column elementor-col-33 elementor-top-column elementor-element elementor-element-27d4493\" data-id=\"27d4493\" data-element_type=\"column\" data-e-type=\"column\">\n\t\t\t<div class=\"elementor-widget-wrap elementor-element-populated\">\n\t\t\t\t\t\t<div class=\"elementor-element elementor-element-cc2f211 elementor-flip-box--effect-fade elementor-widget elementor-widget-flip-box\" data-id=\"cc2f211\" data-element_type=\"widget\" data-e-type=\"widget\" data-widget_type=\"flip-box.default\">\n\t\t\t\t<div class=\"elementor-widget-container\">\n\t\t\t\t\t\t\t<div class=\"elementor-flip-box\" tabindex=\"0\">\n\t\t\t<div class=\"elementor-flip-box__layer elementor-flip-box__front\">\n\t\t\t\t<div class=\"elementor-flip-box__layer__overlay\">\n\t\t\t\t\t<div class=\"elementor-flip-box__layer__inner\">\n\t\t\t\t\t\t\t\t\t\t\t\t\t<div class=\"elementor-icon-wrapper elementor-view-default\">\n\t\t\t\t\t\t\t\t<div class=\"elementor-icon\">\n\t\t\t\t\t\t\t\t\t\t\t\t\t\t\t\t\t<\/div>\n\t\t\t\t\t\t\t<\/div>\n\t\t\t\t\t\t\n\t\t\t\t\t\t\t\t\t\t\t\t\t<h3 class=\"elementor-flip-box__layer__title\">\n\t\t\t\t\t\t\t\tCIRICOTE\t\t\t\t\t\t\t<\/h3>\n\t\t\t\t\t\t\n\t\t\t\t\t\t\t\t\t\t\t\t\t<div class=\"elementor-flip-box__layer__description\">\n\t\t\t\t\t\t\t\tRESERVER\t\t\t\t\t\t\t<\/div>\n\t\t\t\t\t\t\t\t\t\t\t<\/div>\n\t\t\t\t<\/div>\n\t\t\t<\/div>\n\t\t\t<div class=\"elementor-flip-box__layer elementor-flip-box__back\">\n\t\t\t<div class=\"elementor-flip-box__layer__overlay\">\n\t\t\t\t<div class=\"elementor-flip-box__layer__inner\">\n\t\t\t\t\t\n\t\t\t\t\t\t\t\t\t\t\t<div class=\"elementor-flip-box__layer__description\">\n\t\t\t\t\t\t\tLa suite Ciricote es la \u00fanica habitaci\u00f3n del lado de la casa, tiene una entrada independiente y una terraza con hamaca. La suite te ofrece una experiencia de inmersi\u00f3n en la vegetaci\u00f3n end\u00e9mica yucateca. \n<br><br>Commodit\u00e9s :<br>Lit king size, double lavabo, terrasse priv\u00e9e, WiFi haut d\u00e9bit, bureau de travail, hamac, climatisation, r\u00e9frig\u00e9rateur, coffre-fort, s\u00e8che-cheveux, tapis de yoga et petit d\u00e9jeuner inclus.\t\t\t\t\t\t<\/div>\n\t\t\t\t\t\n\t\t\t\t\t\t\t\t\t\t\t<a class=\"elementor-flip-box__button elementor-button elementor-size-xs\" href=\"https:\/\/us2.cloudbeds.com\/fr\/reservation\/U7EbX4\" target=\"_blank\">\n\t\t\t\t\t\t\tRESERVER\t\t\t\t\t\t<\/a>\n\t\t\t\t\t\t\t\t<\/div>\n\t\t<\/div>\n\t\t<\/div>\n\t\t<\/div>\n\t\t\t\t\t\t<\/div>\n\t\t\t\t<\/div>\n\t\t\t\t\t<\/div>\n\t\t<\/div>\n\t\t\t\t\t<\/div>\n\t\t<\/section>\n\t\t\t\t<\/div>\n\t\t","protected":false},"excerpt":{"rendered":"<p>Suites Galopina dispose de 5 suites avec terrasse priv\u00e9e. Les suites TIERRA offrent une immersion dans la v\u00e9g\u00e9tation end\u00e9mique yucat\u00e8que et les suites CIELO offrent une vue imprenable sur la cime des arbres. TIERRA CIELO JABIN RESERVER Au rez-de-chauss\u00e9e, Toh vous offre une exp\u00e9rience en immersion au plus proche de la nature. Dormez et r\u00e9veillez-vous [&hellip;]<\/p>\n","protected":false},"author":1,"featured_media":0,"parent":0,"menu_order":0,"comment_status":"closed","ping_status":"closed","template":"elementor_header_footer","meta":{"_joinchat":[],"footnotes":""},"class_list":["post-10361","page","type-page","status-publish","hentry"],"yoast_head":"<!-- This site is optimized with the Yoast SEO plugin v27.3 - https:\/\/yoast.com\/product\/yoast-seo-wordpress\/ -->\n<title>Suites TIERRA - Galopina<\/title>\n<meta name=\"description\" content=\"Le Galopina dispose de 5 suites avec terrasse priv\u00e9e.\" \/>\n<meta name=\"robots\" content=\"index, follow, max-snippet:-1, max-image-preview:large, max-video-preview:-1\" \/>\n<link rel=\"canonical\" href=\"https:\/\/galopina.com.mx\/fr\/suites-tierra-2\/\" \/>\n<meta property=\"og:locale\" content=\"fr_FR\" \/>\n<meta property=\"og:type\" content=\"article\" \/>\n<meta property=\"og:title\" content=\"Suites TIERRA - Galopina\" \/>\n<meta property=\"og:description\" content=\"Le Galopina dispose de 5 suites avec terrasse priv\u00e9e.\" \/>\n<meta property=\"og:url\" content=\"https:\/\/galopina.com.mx\/fr\/suites-tierra-2\/\" \/>\n<meta property=\"og:site_name\" content=\"Galopina\" \/>\n<meta property=\"article:publisher\" content=\"https:\/\/www.facebook.com\/galopinacasasilvestre\/\" \/>\n<meta property=\"article:modified_time\" content=\"2026-03-14T13:21:44+00:00\" \/>\n<meta name=\"twitter:card\" content=\"summary_large_image\" \/>\n<meta name=\"twitter:label1\" content=\"Dur\u00e9e de lecture estim\u00e9e\" \/>\n\t<meta name=\"twitter:data1\" content=\"2 minutes\" \/>\n<script type=\"application\/ld+json\" class=\"yoast-schema-graph\">{\"@context\":\"https:\\\/\\\/schema.org\",\"@graph\":[{\"@type\":\"WebPage\",\"@id\":\"https:\\\/\\\/galopina.com.mx\\\/fr\\\/suites-tierra-2\\\/\",\"url\":\"https:\\\/\\\/galopina.com.mx\\\/fr\\\/suites-tierra-2\\\/\",\"name\":\"Suites TIERRA - Galopina\",\"isPartOf\":{\"@id\":\"https:\\\/\\\/galopina.com.mx\\\/fr\\\/#website\"},\"datePublished\":\"2024-05-29T17:31:59+00:00\",\"dateModified\":\"2026-03-14T13:21:44+00:00\",\"description\":\"Le Galopina dispose de 5 suites avec terrasse priv\u00e9e.\",\"breadcrumb\":{\"@id\":\"https:\\\/\\\/galopina.com.mx\\\/fr\\\/suites-tierra-2\\\/#breadcrumb\"},\"inLanguage\":\"fr-FR\",\"potentialAction\":[{\"@type\":\"ReadAction\",\"target\":[\"https:\\\/\\\/galopina.com.mx\\\/fr\\\/suites-tierra-2\\\/\"]}]},{\"@type\":\"BreadcrumbList\",\"@id\":\"https:\\\/\\\/galopina.com.mx\\\/fr\\\/suites-tierra-2\\\/#breadcrumb\",\"itemListElement\":[{\"@type\":\"ListItem\",\"position\":1,\"name\":\"Portada\",\"item\":\"https:\\\/\\\/galopina.com.mx\\\/fr\\\/accueil\\\/\"},{\"@type\":\"ListItem\",\"position\":2,\"name\":\"Suites TIERRA\"}]},{\"@type\":\"WebSite\",\"@id\":\"https:\\\/\\\/galopina.com.mx\\\/fr\\\/#website\",\"url\":\"https:\\\/\\\/galopina.com.mx\\\/fr\\\/\",\"name\":\"Galopina\",\"description\":\"Casa Silvestre\",\"publisher\":{\"@id\":\"https:\\\/\\\/galopina.com.mx\\\/fr\\\/#organization\"},\"potentialAction\":[{\"@type\":\"SearchAction\",\"target\":{\"@type\":\"EntryPoint\",\"urlTemplate\":\"https:\\\/\\\/galopina.com.mx\\\/fr\\\/?s={search_term_string}\"},\"query-input\":{\"@type\":\"PropertyValueSpecification\",\"valueRequired\":true,\"valueName\":\"search_term_string\"}}],\"inLanguage\":\"fr-FR\"},{\"@type\":\"Organization\",\"@id\":\"https:\\\/\\\/galopina.com.mx\\\/fr\\\/#organization\",\"name\":\"Galopina\",\"url\":\"https:\\\/\\\/galopina.com.mx\\\/fr\\\/\",\"logo\":{\"@type\":\"ImageObject\",\"inLanguage\":\"fr-FR\",\"@id\":\"https:\\\/\\\/galopina.com.mx\\\/fr\\\/#\\\/schema\\\/logo\\\/image\\\/\",\"url\":\"https:\\\/\\\/galopina.com.mx\\\/wp-content\\\/uploads\\\/2022\\\/01\\\/Logo_Galopina_BG_verde.png\",\"contentUrl\":\"https:\\\/\\\/galopina.com.mx\\\/wp-content\\\/uploads\\\/2022\\\/01\\\/Logo_Galopina_BG_verde.png\",\"width\":792,\"height\":612,\"caption\":\"Galopina\"},\"image\":{\"@id\":\"https:\\\/\\\/galopina.com.mx\\\/fr\\\/#\\\/schema\\\/logo\\\/image\\\/\"},\"sameAs\":[\"https:\\\/\\\/www.facebook.com\\\/galopinacasasilvestre\\\/\",\"https:\\\/\\\/www.instagram.com\\\/galopina_casasilvestre\\\/\"]}]}<\/script>\n<!-- \/ Yoast SEO plugin. -->","yoast_head_json":{"title":"Suites TIERRA - Galopina","description":"Le Galopina dispose de 5 suites avec terrasse priv\u00e9e.","robots":{"index":"index","follow":"follow","max-snippet":"max-snippet:-1","max-image-preview":"max-image-preview:large","max-video-preview":"max-video-preview:-1"},"canonical":"https:\/\/galopina.com.mx\/fr\/suites-tierra-2\/","og_locale":"fr_FR","og_type":"article","og_title":"Suites TIERRA - Galopina","og_description":"Le Galopina dispose de 5 suites avec terrasse priv\u00e9e.","og_url":"https:\/\/galopina.com.mx\/fr\/suites-tierra-2\/","og_site_name":"Galopina","article_publisher":"https:\/\/www.facebook.com\/galopinacasasilvestre\/","article_modified_time":"2026-03-14T13:21:44+00:00","twitter_card":"summary_large_image","twitter_misc":{"Dur\u00e9e de lecture estim\u00e9e":"2 minutes"},"schema":{"@context":"https:\/\/schema.org","@graph":[{"@type":"WebPage","@id":"https:\/\/galopina.com.mx\/fr\/suites-tierra-2\/","url":"https:\/\/galopina.com.mx\/fr\/suites-tierra-2\/","name":"Suites TIERRA - Galopina","isPartOf":{"@id":"https:\/\/galopina.com.mx\/fr\/#website"},"datePublished":"2024-05-29T17:31:59+00:00","dateModified":"2026-03-14T13:21:44+00:00","description":"Le Galopina dispose de 5 suites avec terrasse priv\u00e9e.","breadcrumb":{"@id":"https:\/\/galopina.com.mx\/fr\/suites-tierra-2\/#breadcrumb"},"inLanguage":"fr-FR","potentialAction":[{"@type":"ReadAction","target":["https:\/\/galopina.com.mx\/fr\/suites-tierra-2\/"]}]},{"@type":"BreadcrumbList","@id":"https:\/\/galopina.com.mx\/fr\/suites-tierra-2\/#breadcrumb","itemListElement":[{"@type":"ListItem","position":1,"name":"Portada","item":"https:\/\/galopina.com.mx\/fr\/accueil\/"},{"@type":"ListItem","position":2,"name":"Suites TIERRA"}]},{"@type":"WebSite","@id":"https:\/\/galopina.com.mx\/fr\/#website","url":"https:\/\/galopina.com.mx\/fr\/","name":"Galopina","description":"Casa Silvestre","publisher":{"@id":"https:\/\/galopina.com.mx\/fr\/#organization"},"potentialAction":[{"@type":"SearchAction","target":{"@type":"EntryPoint","urlTemplate":"https:\/\/galopina.com.mx\/fr\/?s={search_term_string}"},"query-input":{"@type":"PropertyValueSpecification","valueRequired":true,"valueName":"search_term_string"}}],"inLanguage":"fr-FR"},{"@type":"Organization","@id":"https:\/\/galopina.com.mx\/fr\/#organization","name":"Galopina","url":"https:\/\/galopina.com.mx\/fr\/","logo":{"@type":"ImageObject","inLanguage":"fr-FR","@id":"https:\/\/galopina.com.mx\/fr\/#\/schema\/logo\/image\/","url":"https:\/\/galopina.com.mx\/wp-content\/uploads\/2022\/01\/Logo_Galopina_BG_verde.png","contentUrl":"https:\/\/galopina.com.mx\/wp-content\/uploads\/2022\/01\/Logo_Galopina_BG_verde.png","width":792,"height":612,"caption":"Galopina"},"image":{"@id":"https:\/\/galopina.com.mx\/fr\/#\/schema\/logo\/image\/"},"sameAs":["https:\/\/www.facebook.com\/galopinacasasilvestre\/","https:\/\/www.instagram.com\/galopina_casasilvestre\/"]}]}},"_links":{"self":[{"href":"https:\/\/galopina.com.mx\/fr\/wp-json\/wp\/v2\/pages\/10361","targetHints":{"allow":["GET"]}}],"collection":[{"href":"https:\/\/galopina.com.mx\/fr\/wp-json\/wp\/v2\/pages"}],"about":[{"href":"https:\/\/galopina.com.mx\/fr\/wp-json\/wp\/v2\/types\/page"}],"author":[{"embeddable":true,"href":"https:\/\/galopina.com.mx\/fr\/wp-json\/wp\/v2\/users\/1"}],"replies":[{"embeddable":true,"href":"https:\/\/galopina.com.mx\/fr\/wp-json\/wp\/v2\/comments?post=10361"}],"version-history":[{"count":9,"href":"https:\/\/galopina.com.mx\/fr\/wp-json\/wp\/v2\/pages\/10361\/revisions"}],"predecessor-version":[{"id":19741,"href":"https:\/\/galopina.com.mx\/fr\/wp-json\/wp\/v2\/pages\/10361\/revisions\/19741"}],"wp:attachment":[{"href":"https:\/\/galopina.com.mx\/fr\/wp-json\/wp\/v2\/media?parent=10361"}],"curies":[{"name":"wp","href":"https:\/\/api.w.org\/{rel}","templated":true}]}}