{"id":10365,"date":"2024-05-29T11:33:25","date_gmt":"2024-05-29T17:33:25","guid":{"rendered":"https:\/\/galopina.com.mx\/suites\/"},"modified":"2024-08-11T06:51:48","modified_gmt":"2024-08-11T12:51:48","slug":"suites","status":"publish","type":"page","link":"https:\/\/galopina.com.mx\/fr\/suites\/","title":{"rendered":"SUITES"},"content":{"rendered":"\t\t<div data-elementor-type=\"wp-page\" data-elementor-id=\"10365\" class=\"elementor elementor-10365 elementor-569\" data-elementor-post-type=\"page\">\n\t\t\t\t\t\t<section class=\"elementor-section elementor-top-section elementor-element elementor-element-d4b9ccf elementor-hidden-mobile elementor-section-boxed elementor-section-height-default elementor-section-height-default\" data-id=\"d4b9ccf\" data-element_type=\"section\" data-e-type=\"section\" data-settings=\"{&quot;background_background&quot;:&quot;classic&quot;}\">\n\t\t\t\t\t\t<div class=\"elementor-container elementor-column-gap-no\">\n\t\t\t\t\t<div class=\"elementor-column elementor-col-100 elementor-top-column elementor-element elementor-element-ac487a6\" data-id=\"ac487a6\" data-element_type=\"column\" data-e-type=\"column\">\n\t\t\t<div class=\"elementor-widget-wrap elementor-element-populated\">\n\t\t\t\t\t\t<div class=\"elementor-element elementor-element-3486833 elementor-widget elementor-widget-spacer\" data-id=\"3486833\" data-element_type=\"widget\" data-e-type=\"widget\" data-widget_type=\"spacer.default\">\n\t\t\t\t<div class=\"elementor-widget-container\">\n\t\t\t\t\t\t\t<div class=\"elementor-spacer\">\n\t\t\t<div class=\"elementor-spacer-inner\"><\/div>\n\t\t<\/div>\n\t\t\t\t\t\t<\/div>\n\t\t\t\t<\/div>\n\t\t\t\t\t<\/div>\n\t\t<\/div>\n\t\t\t\t\t<\/div>\n\t\t<\/section>\n\t\t\t\t<section class=\"elementor-section elementor-top-section elementor-element elementor-element-9f59a1f elementor-section-boxed elementor-section-height-default elementor-section-height-default\" data-id=\"9f59a1f\" data-element_type=\"section\" data-e-type=\"section\" data-settings=\"{&quot;background_background&quot;:&quot;classic&quot;}\">\n\t\t\t\t\t\t<div class=\"elementor-container elementor-column-gap-no\">\n\t\t\t\t\t<div class=\"elementor-column elementor-col-100 elementor-top-column elementor-element elementor-element-621ade3\" data-id=\"621ade3\" data-element_type=\"column\" data-e-type=\"column\">\n\t\t\t<div class=\"elementor-widget-wrap elementor-element-populated\">\n\t\t\t\t\t\t<div class=\"elementor-element elementor-element-20ad9e2 elementor-widget elementor-widget-heading\" data-id=\"20ad9e2\" data-element_type=\"widget\" data-e-type=\"widget\" data-widget_type=\"heading.default\">\n\t\t\t\t<div class=\"elementor-widget-container\">\n\t\t\t\t\t<h2 class=\"elementor-heading-title elementor-size-default\">Suites<\/h2>\t\t\t\t<\/div>\n\t\t\t\t<\/div>\n\t\t\t\t<div class=\"elementor-element elementor-element-aa744aa elementor-widget elementor-widget-heading\" data-id=\"aa744aa\" data-element_type=\"widget\" data-e-type=\"widget\" data-widget_type=\"heading.default\">\n\t\t\t\t<div class=\"elementor-widget-container\">\n\t\t\t\t\t<h2 class=\"elementor-heading-title elementor-size-default\">Le Galopina dispose de 5 suites avec terrasse priv\u00e9e.<br> Les suites TIERRA offrent une immersion dans la v\u00e9g\u00e9tation end\u00e9mique du Yucat\u00e8que.<br> et les suites CIELO offrent une vue imprenable sur la cime des arbres.<\/h2>\t\t\t\t<\/div>\n\t\t\t\t<\/div>\n\t\t\t\t<section class=\"elementor-section elementor-inner-section elementor-element elementor-element-0ef8058 elementor-section-boxed elementor-section-height-default elementor-section-height-default\" data-id=\"0ef8058\" data-element_type=\"section\" data-e-type=\"section\">\n\t\t\t\t\t\t<div class=\"elementor-container elementor-column-gap-default\">\n\t\t\t\t\t<div class=\"elementor-column elementor-col-50 elementor-inner-column elementor-element elementor-element-f83dfab\" data-id=\"f83dfab\" data-element_type=\"column\" data-e-type=\"column\">\n\t\t\t<div class=\"elementor-widget-wrap elementor-element-populated\">\n\t\t\t\t\t\t<div class=\"elementor-element elementor-element-111cb3c elementor-align-right elementor-mobile-align-right elementor-widget elementor-widget-button\" data-id=\"111cb3c\" data-element_type=\"widget\" data-e-type=\"widget\" data-settings=\"{&quot;sticky&quot;:&quot;top&quot;,&quot;sticky_on&quot;:[&quot;desktop&quot;,&quot;tablet&quot;,&quot;mobile&quot;],&quot;sticky_offset&quot;:0,&quot;sticky_effects_offset&quot;:0,&quot;sticky_anchor_link_offset&quot;:0}\" data-widget_type=\"button.default\">\n\t\t\t\t<div class=\"elementor-widget-container\">\n\t\t\t\t\t\t\t\t\t<div class=\"elementor-button-wrapper\">\n\t\t\t\t\t<a class=\"elementor-button elementor-button-link elementor-size-sm elementor-animation-grow\" href=\"https:\/\/galopina.com.mx\/fr\/suites-tierra-2\/\">\n\t\t\t\t\t\t<span class=\"elementor-button-content-wrapper\">\n\t\t\t\t\t\t\t\t\t<span class=\"elementor-button-text\">TIERRA<\/span>\n\t\t\t\t\t<\/span>\n\t\t\t\t\t<\/a>\n\t\t\t\t<\/div>\n\t\t\t\t\t\t\t\t<\/div>\n\t\t\t\t<\/div>\n\t\t\t\t\t<\/div>\n\t\t<\/div>\n\t\t\t\t<div class=\"elementor-column elementor-col-50 elementor-inner-column elementor-element elementor-element-5981036\" data-id=\"5981036\" data-element_type=\"column\" data-e-type=\"column\">\n\t\t\t<div class=\"elementor-widget-wrap elementor-element-populated\">\n\t\t\t\t\t\t<div class=\"elementor-element elementor-element-5c9c002 elementor-align-left elementor-mobile-align-left elementor-widget elementor-widget-button\" data-id=\"5c9c002\" data-element_type=\"widget\" data-e-type=\"widget\" data-settings=\"{&quot;sticky&quot;:&quot;top&quot;,&quot;sticky_on&quot;:[&quot;desktop&quot;,&quot;tablet&quot;,&quot;mobile&quot;],&quot;sticky_offset&quot;:0,&quot;sticky_effects_offset&quot;:0,&quot;sticky_anchor_link_offset&quot;:0}\" data-widget_type=\"button.default\">\n\t\t\t\t<div class=\"elementor-widget-container\">\n\t\t\t\t\t\t\t\t\t<div class=\"elementor-button-wrapper\">\n\t\t\t\t\t<a class=\"elementor-button elementor-button-link elementor-size-sm elementor-animation-grow\" href=\"https:\/\/galopina.com.mx\/fr\/suites-cielo\/\">\n\t\t\t\t\t\t<span class=\"elementor-button-content-wrapper\">\n\t\t\t\t\t\t\t\t\t<span class=\"elementor-button-text\">CIELO<\/span>\n\t\t\t\t\t<\/span>\n\t\t\t\t\t<\/a>\n\t\t\t\t<\/div>\n\t\t\t\t\t\t\t\t<\/div>\n\t\t\t\t<\/div>\n\t\t\t\t\t<\/div>\n\t\t<\/div>\n\t\t\t\t\t<\/div>\n\t\t<\/section>\n\t\t\t\t\t<\/div>\n\t\t<\/div>\n\t\t\t\t\t<\/div>\n\t\t<\/section>\n\t\t\t\t<section class=\"elementor-section elementor-top-section elementor-element elementor-element-5a85ef7 elementor-section-full_width elementor-section-height-min-height elementor-section-height-default elementor-section-items-middle\" data-id=\"5a85ef7\" data-element_type=\"section\" data-e-type=\"section\" data-settings=\"{&quot;background_background&quot;:&quot;classic&quot;}\">\n\t\t\t\t\t\t<div class=\"elementor-container elementor-column-gap-no\">\n\t\t\t\t\t<div class=\"elementor-column elementor-col-100 elementor-top-column elementor-element elementor-element-0df8d7f\" data-id=\"0df8d7f\" data-element_type=\"column\" data-e-type=\"column\">\n\t\t\t<div class=\"elementor-widget-wrap\">\n\t\t\t\t\t\t\t<\/div>\n\t\t<\/div>\n\t\t\t\t\t<\/div>\n\t\t<\/section>\n\t\t\t\t<\/div>\n\t\t","protected":false},"excerpt":{"rendered":"<p>Suites Le Galopina dispose de 5 suites avec terrasse priv\u00e9e. Les suites TIERRA offrent une immersion dans la v\u00e9g\u00e9tation end\u00e9mique du Yucat\u00e8que. et les suites CIELO offrent une vue imprenable sur la cime des arbres. TIERRA CIELO<\/p>\n","protected":false},"author":1,"featured_media":0,"parent":0,"menu_order":0,"comment_status":"closed","ping_status":"closed","template":"elementor_header_footer","meta":{"_joinchat":[],"footnotes":""},"class_list":["post-10365","page","type-page","status-publish","hentry"],"yoast_head":"<!-- This site is optimized with the Yoast SEO plugin v27.3 - https:\/\/yoast.com\/product\/yoast-seo-wordpress\/ -->\n<title>SUITES - Galopina<\/title>\n<meta name=\"description\" content=\"Galopina est une maison h\u00f4teli\u00e8re situ\u00e9e pr\u00e8s de M\u00e9rida, dans le Yucatan. Galopina dispose de cinq suites avec terrasse priv\u00e9e.\" \/>\n<meta name=\"robots\" content=\"index, follow, max-snippet:-1, max-image-preview:large, max-video-preview:-1\" \/>\n<link rel=\"canonical\" href=\"https:\/\/galopina.com.mx\/fr\/suites\/\" \/>\n<meta property=\"og:locale\" content=\"fr_FR\" \/>\n<meta property=\"og:type\" content=\"article\" \/>\n<meta property=\"og:title\" content=\"SUITES - Galopina\" \/>\n<meta property=\"og:description\" content=\"Galopina est une maison h\u00f4teli\u00e8re situ\u00e9e pr\u00e8s de M\u00e9rida, dans le Yucatan. Galopina dispose de cinq suites avec terrasse priv\u00e9e.\" \/>\n<meta property=\"og:url\" content=\"https:\/\/galopina.com.mx\/fr\/suites\/\" \/>\n<meta property=\"og:site_name\" content=\"Galopina\" \/>\n<meta property=\"article:publisher\" content=\"https:\/\/www.facebook.com\/galopinacasasilvestre\/\" \/>\n<meta property=\"article:modified_time\" content=\"2024-08-11T12:51:48+00:00\" \/>\n<meta name=\"twitter:card\" content=\"summary_large_image\" \/>\n<script type=\"application\/ld+json\" class=\"yoast-schema-graph\">{\"@context\":\"https:\\\/\\\/schema.org\",\"@graph\":[{\"@type\":\"WebPage\",\"@id\":\"https:\\\/\\\/galopina.com.mx\\\/fr\\\/suites\\\/\",\"url\":\"https:\\\/\\\/galopina.com.mx\\\/fr\\\/suites\\\/\",\"name\":\"SUITES - Galopina\",\"isPartOf\":{\"@id\":\"https:\\\/\\\/galopina.com.mx\\\/fr\\\/#website\"},\"datePublished\":\"2024-05-29T17:33:25+00:00\",\"dateModified\":\"2024-08-11T12:51:48+00:00\",\"description\":\"Galopina est une maison h\u00f4teli\u00e8re situ\u00e9e pr\u00e8s de M\u00e9rida, dans le Yucatan. Galopina dispose de cinq suites avec terrasse priv\u00e9e.\",\"breadcrumb\":{\"@id\":\"https:\\\/\\\/galopina.com.mx\\\/fr\\\/suites\\\/#breadcrumb\"},\"inLanguage\":\"fr-FR\",\"potentialAction\":[{\"@type\":\"ReadAction\",\"target\":[\"https:\\\/\\\/galopina.com.mx\\\/fr\\\/suites\\\/\"]}]},{\"@type\":\"BreadcrumbList\",\"@id\":\"https:\\\/\\\/galopina.com.mx\\\/fr\\\/suites\\\/#breadcrumb\",\"itemListElement\":[{\"@type\":\"ListItem\",\"position\":1,\"name\":\"Portada\",\"item\":\"https:\\\/\\\/galopina.com.mx\\\/fr\\\/accueil\\\/\"},{\"@type\":\"ListItem\",\"position\":2,\"name\":\"SUITES\"}]},{\"@type\":\"WebSite\",\"@id\":\"https:\\\/\\\/galopina.com.mx\\\/fr\\\/#website\",\"url\":\"https:\\\/\\\/galopina.com.mx\\\/fr\\\/\",\"name\":\"Galopina\",\"description\":\"Casa Silvestre\",\"publisher\":{\"@id\":\"https:\\\/\\\/galopina.com.mx\\\/fr\\\/#organization\"},\"potentialAction\":[{\"@type\":\"SearchAction\",\"target\":{\"@type\":\"EntryPoint\",\"urlTemplate\":\"https:\\\/\\\/galopina.com.mx\\\/fr\\\/?s={search_term_string}\"},\"query-input\":{\"@type\":\"PropertyValueSpecification\",\"valueRequired\":true,\"valueName\":\"search_term_string\"}}],\"inLanguage\":\"fr-FR\"},{\"@type\":\"Organization\",\"@id\":\"https:\\\/\\\/galopina.com.mx\\\/fr\\\/#organization\",\"name\":\"Galopina\",\"url\":\"https:\\\/\\\/galopina.com.mx\\\/fr\\\/\",\"logo\":{\"@type\":\"ImageObject\",\"inLanguage\":\"fr-FR\",\"@id\":\"https:\\\/\\\/galopina.com.mx\\\/fr\\\/#\\\/schema\\\/logo\\\/image\\\/\",\"url\":\"https:\\\/\\\/galopina.com.mx\\\/wp-content\\\/uploads\\\/2022\\\/01\\\/Logo_Galopina_BG_verde.png\",\"contentUrl\":\"https:\\\/\\\/galopina.com.mx\\\/wp-content\\\/uploads\\\/2022\\\/01\\\/Logo_Galopina_BG_verde.png\",\"width\":792,\"height\":612,\"caption\":\"Galopina\"},\"image\":{\"@id\":\"https:\\\/\\\/galopina.com.mx\\\/fr\\\/#\\\/schema\\\/logo\\\/image\\\/\"},\"sameAs\":[\"https:\\\/\\\/www.facebook.com\\\/galopinacasasilvestre\\\/\",\"https:\\\/\\\/www.instagram.com\\\/galopina_casasilvestre\\\/\"]}]}<\/script>\n<!-- \/ Yoast SEO plugin. -->","yoast_head_json":{"title":"SUITES - Galopina","description":"Galopina est une maison h\u00f4teli\u00e8re situ\u00e9e pr\u00e8s de M\u00e9rida, dans le Yucatan. Galopina dispose de cinq suites avec terrasse priv\u00e9e.","robots":{"index":"index","follow":"follow","max-snippet":"max-snippet:-1","max-image-preview":"max-image-preview:large","max-video-preview":"max-video-preview:-1"},"canonical":"https:\/\/galopina.com.mx\/fr\/suites\/","og_locale":"fr_FR","og_type":"article","og_title":"SUITES - Galopina","og_description":"Galopina est une maison h\u00f4teli\u00e8re situ\u00e9e pr\u00e8s de M\u00e9rida, dans le Yucatan. Galopina dispose de cinq suites avec terrasse priv\u00e9e.","og_url":"https:\/\/galopina.com.mx\/fr\/suites\/","og_site_name":"Galopina","article_publisher":"https:\/\/www.facebook.com\/galopinacasasilvestre\/","article_modified_time":"2024-08-11T12:51:48+00:00","twitter_card":"summary_large_image","schema":{"@context":"https:\/\/schema.org","@graph":[{"@type":"WebPage","@id":"https:\/\/galopina.com.mx\/fr\/suites\/","url":"https:\/\/galopina.com.mx\/fr\/suites\/","name":"SUITES - Galopina","isPartOf":{"@id":"https:\/\/galopina.com.mx\/fr\/#website"},"datePublished":"2024-05-29T17:33:25+00:00","dateModified":"2024-08-11T12:51:48+00:00","description":"Galopina est une maison h\u00f4teli\u00e8re situ\u00e9e pr\u00e8s de M\u00e9rida, dans le Yucatan. Galopina dispose de cinq suites avec terrasse priv\u00e9e.","breadcrumb":{"@id":"https:\/\/galopina.com.mx\/fr\/suites\/#breadcrumb"},"inLanguage":"fr-FR","potentialAction":[{"@type":"ReadAction","target":["https:\/\/galopina.com.mx\/fr\/suites\/"]}]},{"@type":"BreadcrumbList","@id":"https:\/\/galopina.com.mx\/fr\/suites\/#breadcrumb","itemListElement":[{"@type":"ListItem","position":1,"name":"Portada","item":"https:\/\/galopina.com.mx\/fr\/accueil\/"},{"@type":"ListItem","position":2,"name":"SUITES"}]},{"@type":"WebSite","@id":"https:\/\/galopina.com.mx\/fr\/#website","url":"https:\/\/galopina.com.mx\/fr\/","name":"Galopina","description":"Casa Silvestre","publisher":{"@id":"https:\/\/galopina.com.mx\/fr\/#organization"},"potentialAction":[{"@type":"SearchAction","target":{"@type":"EntryPoint","urlTemplate":"https:\/\/galopina.com.mx\/fr\/?s={search_term_string}"},"query-input":{"@type":"PropertyValueSpecification","valueRequired":true,"valueName":"search_term_string"}}],"inLanguage":"fr-FR"},{"@type":"Organization","@id":"https:\/\/galopina.com.mx\/fr\/#organization","name":"Galopina","url":"https:\/\/galopina.com.mx\/fr\/","logo":{"@type":"ImageObject","inLanguage":"fr-FR","@id":"https:\/\/galopina.com.mx\/fr\/#\/schema\/logo\/image\/","url":"https:\/\/galopina.com.mx\/wp-content\/uploads\/2022\/01\/Logo_Galopina_BG_verde.png","contentUrl":"https:\/\/galopina.com.mx\/wp-content\/uploads\/2022\/01\/Logo_Galopina_BG_verde.png","width":792,"height":612,"caption":"Galopina"},"image":{"@id":"https:\/\/galopina.com.mx\/fr\/#\/schema\/logo\/image\/"},"sameAs":["https:\/\/www.facebook.com\/galopinacasasilvestre\/","https:\/\/www.instagram.com\/galopina_casasilvestre\/"]}]}},"_links":{"self":[{"href":"https:\/\/galopina.com.mx\/fr\/wp-json\/wp\/v2\/pages\/10365","targetHints":{"allow":["GET"]}}],"collection":[{"href":"https:\/\/galopina.com.mx\/fr\/wp-json\/wp\/v2\/pages"}],"about":[{"href":"https:\/\/galopina.com.mx\/fr\/wp-json\/wp\/v2\/types\/page"}],"author":[{"embeddable":true,"href":"https:\/\/galopina.com.mx\/fr\/wp-json\/wp\/v2\/users\/1"}],"replies":[{"embeddable":true,"href":"https:\/\/galopina.com.mx\/fr\/wp-json\/wp\/v2\/comments?post=10365"}],"version-history":[{"count":5,"href":"https:\/\/galopina.com.mx\/fr\/wp-json\/wp\/v2\/pages\/10365\/revisions"}],"predecessor-version":[{"id":12168,"href":"https:\/\/galopina.com.mx\/fr\/wp-json\/wp\/v2\/pages\/10365\/revisions\/12168"}],"wp:attachment":[{"href":"https:\/\/galopina.com.mx\/fr\/wp-json\/wp\/v2\/media?parent=10365"}],"curies":[{"name":"wp","href":"https:\/\/api.w.org\/{rel}","templated":true}]}}