{"id":10367,"date":"2024-05-29T11:37:01","date_gmt":"2024-05-29T17:37:01","guid":{"rendered":"https:\/\/galopina.com.mx\/accueil\/"},"modified":"2026-04-04T17:32:24","modified_gmt":"2026-04-04T23:32:24","slug":"accueil","status":"publish","type":"page","link":"https:\/\/galopina.com.mx\/fr\/","title":{"rendered":"ACCUEIL"},"content":{"rendered":"\t\t<div data-elementor-type=\"wp-page\" data-elementor-id=\"10367\" class=\"elementor elementor-10367 elementor-54\" data-elementor-post-type=\"page\">\n\t\t\t\t\t\t<section class=\"elementor-section elementor-top-section elementor-element elementor-element-ea1486b elementor-section-full_width elementor-section-height-full elementor-section-content-middle elementor-section-stretched elementor-hidden-mobile elementor-section-height-default elementor-section-items-middle\" data-id=\"ea1486b\" data-element_type=\"section\" data-e-type=\"section\" data-settings=\"{&quot;stretch_section&quot;:&quot;section-stretched&quot;}\">\n\t\t\t\t\t\t<div class=\"elementor-container elementor-column-gap-no\">\n\t\t\t\t\t<div class=\"elementor-column elementor-col-100 elementor-top-column elementor-element elementor-element-f8562a4\" data-id=\"f8562a4\" data-element_type=\"column\" data-e-type=\"column\">\n\t\t\t<div class=\"elementor-widget-wrap elementor-element-populated\">\n\t\t\t\t\t\t<div class=\"elementor-element elementor-element-9285bd0 elementor-arrows-position-inside elementor-widget elementor-widget-image-carousel\" data-id=\"9285bd0\" data-element_type=\"widget\" data-e-type=\"widget\" data-settings=\"{&quot;slides_to_show&quot;:&quot;1&quot;,&quot;navigation&quot;:&quot;arrows&quot;,&quot;autoplay&quot;:&quot;yes&quot;,&quot;pause_on_hover&quot;:&quot;yes&quot;,&quot;pause_on_interaction&quot;:&quot;yes&quot;,&quot;autoplay_speed&quot;:5000,&quot;infinite&quot;:&quot;yes&quot;,&quot;effect&quot;:&quot;slide&quot;,&quot;speed&quot;:500}\" data-widget_type=\"image-carousel.default\">\n\t\t\t\t<div class=\"elementor-widget-container\">\n\t\t\t\t\t\t\t<div class=\"elementor-image-carousel-wrapper swiper\" role=\"region\" aria-roledescription=\"carousel\" aria-label=\"Carrusel de im\u00e1genes\" dir=\"ltr\">\n\t\t\t<div class=\"elementor-image-carousel swiper-wrapper swiper-image-stretch\" aria-live=\"off\">\n\t\t\t\t\t\t\t\t<div class=\"swiper-slide\" role=\"group\" aria-roledescription=\"slide\" aria-label=\"1 sur 5\"><figure class=\"swiper-slide-inner\"><img decoding=\"async\" class=\"swiper-slide-image\" src=\"https:\/\/galopina.com.mx\/wp-content\/uploads\/2022\/12\/ESCRITORIO-5b.jpg\" alt=\"galopina h\u00f4tel Yucatan\" \/><\/figure><\/div><div class=\"swiper-slide\" role=\"group\" aria-roledescription=\"slide\" aria-label=\"2 sur 5\"><figure class=\"swiper-slide-inner\"><img decoding=\"async\" class=\"swiper-slide-image\" src=\"https:\/\/galopina.com.mx\/wp-content\/uploads\/2022\/12\/ESCRITORIO-4b.jpg\" alt=\"galopina h\u00f4tel Yucatan\" \/><\/figure><\/div><div class=\"swiper-slide\" role=\"group\" aria-roledescription=\"slide\" aria-label=\"3 sur 5\"><figure class=\"swiper-slide-inner\"><img decoding=\"async\" class=\"swiper-slide-image\" src=\"https:\/\/galopina.com.mx\/wp-content\/uploads\/2022\/12\/diapoe3.jpg\" alt=\"galopina hotel yucatan\" \/><\/figure><\/div><div class=\"swiper-slide\" role=\"group\" aria-roledescription=\"slide\" aria-label=\"4 sur 5\"><figure class=\"swiper-slide-inner\"><img decoding=\"async\" class=\"swiper-slide-image\" src=\"https:\/\/galopina.com.mx\/wp-content\/uploads\/2022\/12\/diapoe4.jpg\" alt=\"galopina hotel yucatan\" \/><\/figure><\/div><div class=\"swiper-slide\" role=\"group\" aria-roledescription=\"slide\" aria-label=\"5 sur 5\"><figure class=\"swiper-slide-inner\"><img decoding=\"async\" class=\"swiper-slide-image\" src=\"https:\/\/galopina.com.mx\/wp-content\/uploads\/2022\/12\/diapoe5.jpg\" alt=\"galopina hotel yucatan\" \/><\/figure><\/div>\t\t\t<\/div>\n\t\t\t\t\t\t\t\t\t\t\t\t<div class=\"elementor-swiper-button elementor-swiper-button-prev\" role=\"button\" tabindex=\"0\">\n\t\t\t\t\t\t<i aria-hidden=\"true\" class=\"eicon-chevron-left\"><\/i>\t\t\t\t\t<\/div>\n\t\t\t\t\t<div class=\"elementor-swiper-button elementor-swiper-button-next\" role=\"button\" tabindex=\"0\">\n\t\t\t\t\t\t<i aria-hidden=\"true\" class=\"eicon-chevron-right\"><\/i>\t\t\t\t\t<\/div>\n\t\t\t\t\n\t\t\t\t\t\t\t\t\t<\/div>\n\t\t\t\t\t\t<\/div>\n\t\t\t\t<\/div>\n\t\t\t\t\t<\/div>\n\t\t<\/div>\n\t\t\t\t\t<\/div>\n\t\t<\/section>\n\t\t\t\t<section class=\"elementor-section elementor-top-section elementor-element elementor-element-c064d0d elementor-section-full_width elementor-section-height-full elementor-section-content-middle elementor-section-stretched elementor-hidden-desktop elementor-hidden-tablet elementor-section-height-default elementor-section-items-middle\" data-id=\"c064d0d\" data-element_type=\"section\" data-e-type=\"section\" data-settings=\"{&quot;stretch_section&quot;:&quot;section-stretched&quot;}\">\n\t\t\t\t\t\t<div class=\"elementor-container elementor-column-gap-no\">\n\t\t\t\t\t<div class=\"elementor-column elementor-col-100 elementor-top-column elementor-element elementor-element-8766f8b\" data-id=\"8766f8b\" data-element_type=\"column\" data-e-type=\"column\">\n\t\t\t<div class=\"elementor-widget-wrap elementor-element-populated\">\n\t\t\t\t\t\t<div class=\"elementor-element elementor-element-1abd42b elementor-pagination-position-inside elementor-arrows-position-inside elementor-widget elementor-widget-image-carousel\" data-id=\"1abd42b\" data-element_type=\"widget\" data-e-type=\"widget\" data-settings=\"{&quot;slides_to_show&quot;:&quot;1&quot;,&quot;lazyload&quot;:&quot;yes&quot;,&quot;navigation&quot;:&quot;both&quot;,&quot;autoplay&quot;:&quot;yes&quot;,&quot;pause_on_hover&quot;:&quot;yes&quot;,&quot;pause_on_interaction&quot;:&quot;yes&quot;,&quot;autoplay_speed&quot;:5000,&quot;infinite&quot;:&quot;yes&quot;,&quot;effect&quot;:&quot;slide&quot;,&quot;speed&quot;:500}\" data-widget_type=\"image-carousel.default\">\n\t\t\t\t<div class=\"elementor-widget-container\">\n\t\t\t\t\t\t\t<div class=\"elementor-image-carousel-wrapper swiper\" role=\"region\" aria-roledescription=\"carousel\" aria-label=\"Carrusel de im\u00e1genes\" dir=\"ltr\">\n\t\t\t<div class=\"elementor-image-carousel swiper-wrapper swiper-image-stretch\" aria-live=\"off\">\n\t\t\t\t\t\t\t\t<div class=\"swiper-slide\" role=\"group\" aria-roledescription=\"slide\" aria-label=\"1 sur 6\"><figure class=\"swiper-slide-inner\"><img class=\"swiper-slide-image swiper-lazy\" data-src=\"https:\/\/galopina.com.mx\/wp-content\/uploads\/2022\/12\/IPHONE-5b.jpg\" alt=\"galopina h\u00f4tel Yucatan\" \/><div class=\"swiper-lazy-preloader\"><\/div><\/figure><\/div><div class=\"swiper-slide\" role=\"group\" aria-roledescription=\"slide\" aria-label=\"2 sur 6\"><figure class=\"swiper-slide-inner\"><img class=\"swiper-slide-image swiper-lazy\" data-src=\"https:\/\/galopina.com.mx\/wp-content\/uploads\/2022\/12\/diapo2.jpg\" alt=\"galopina h\u00f4tel Yucatan\" \/><div class=\"swiper-lazy-preloader\"><\/div><\/figure><\/div><div class=\"swiper-slide\" role=\"group\" aria-roledescription=\"slide\" aria-label=\"3 sur 6\"><figure class=\"swiper-slide-inner\"><img class=\"swiper-slide-image swiper-lazy\" data-src=\"https:\/\/galopina.com.mx\/wp-content\/uploads\/2022\/12\/diapo3.jpg\" alt=\"galopina hotel yucatan\" \/><div class=\"swiper-lazy-preloader\"><\/div><\/figure><\/div><div class=\"swiper-slide\" role=\"group\" aria-roledescription=\"slide\" aria-label=\"4 sur 6\"><figure class=\"swiper-slide-inner\"><img class=\"swiper-slide-image swiper-lazy\" data-src=\"https:\/\/galopina.com.mx\/wp-content\/uploads\/2022\/12\/diapo4.jpg\" alt=\"galopina hotel yucatan\" \/><div class=\"swiper-lazy-preloader\"><\/div><\/figure><\/div><div class=\"swiper-slide\" role=\"group\" aria-roledescription=\"slide\" aria-label=\"5 sur 6\"><figure class=\"swiper-slide-inner\"><img class=\"swiper-slide-image swiper-lazy\" data-src=\"https:\/\/galopina.com.mx\/wp-content\/uploads\/2022\/12\/IPHONE-4b.jpg\" alt=\"galopina h\u00f4tel Yucatan\" \/><div class=\"swiper-lazy-preloader\"><\/div><\/figure><\/div><div class=\"swiper-slide\" role=\"group\" aria-roledescription=\"slide\" aria-label=\"6 sur 6\"><figure class=\"swiper-slide-inner\"><img class=\"swiper-slide-image swiper-lazy\" data-src=\"https:\/\/galopina.com.mx\/wp-content\/uploads\/2022\/12\/IPHONE-3b.jpg\" alt=\"galopina h\u00f4tel Yucatan\" \/><div class=\"swiper-lazy-preloader\"><\/div><\/figure><\/div>\t\t\t<\/div>\n\t\t\t\t\t\t\t\t\t\t\t\t<div class=\"elementor-swiper-button elementor-swiper-button-prev\" role=\"button\" tabindex=\"0\">\n\t\t\t\t\t\t<i aria-hidden=\"true\" class=\"eicon-chevron-left\"><\/i>\t\t\t\t\t<\/div>\n\t\t\t\t\t<div class=\"elementor-swiper-button elementor-swiper-button-next\" role=\"button\" tabindex=\"0\">\n\t\t\t\t\t\t<i aria-hidden=\"true\" class=\"eicon-chevron-right\"><\/i>\t\t\t\t\t<\/div>\n\t\t\t\t\n\t\t\t\t\t\t\t\t\t<div class=\"swiper-pagination\"><\/div>\n\t\t\t\t\t\t\t\t\t<\/div>\n\t\t\t\t\t\t<\/div>\n\t\t\t\t<\/div>\n\t\t\t\t\t<\/div>\n\t\t<\/div>\n\t\t\t\t\t<\/div>\n\t\t<\/section>\n\t\t\t\t<\/div>\n\t\t","protected":false},"excerpt":{"rendered":"","protected":false},"author":1,"featured_media":0,"parent":0,"menu_order":0,"comment_status":"closed","ping_status":"closed","template":"elementor_header_footer","meta":{"_joinchat":[],"footnotes":""},"class_list":["post-10367","page","type-page","status-publish","hentry"],"yoast_head":"<!-- This site is optimized with the Yoast SEO plugin v27.3 - https:\/\/yoast.com\/product\/yoast-seo-wordpress\/ -->\n<title>Galopina - H\u00f4tel Boutique<\/title>\n<meta name=\"description\" content=\"Galopina est un h\u00f4tel de charme id\u00e9al pour les escapades romantiques, immerg\u00e9 dans la nature du Yucatan, au sein de la r\u00e9serve de cenotes.\" \/>\n<meta name=\"robots\" content=\"index, follow, max-snippet:-1, max-image-preview:large, max-video-preview:-1\" \/>\n<link rel=\"canonical\" href=\"https:\/\/galopina.com.mx\/fr\/\" \/>\n<meta property=\"og:locale\" content=\"fr_FR\" \/>\n<meta property=\"og:type\" content=\"article\" \/>\n<meta property=\"og:title\" content=\"Galopina Boutique Hotel\" \/>\n<meta property=\"og:description\" content=\"Galopina est un h\u00f4tel de charme id\u00e9al pour les escapades romantiques, immerg\u00e9 dans la nature du Yucatan, au sein de la r\u00e9serve de cenotes.\" \/>\n<meta property=\"og:url\" content=\"https:\/\/galopina.com.mx\/fr\/\" \/>\n<meta property=\"og:site_name\" content=\"Galopina\" \/>\n<meta property=\"article:publisher\" content=\"https:\/\/www.facebook.com\/galopinacasasilvestre\/\" \/>\n<meta property=\"article:modified_time\" content=\"2026-04-04T23:32:24+00:00\" \/>\n<meta property=\"og:image\" content=\"https:\/\/galopina.com.mx\/wp-content\/uploads\/2022\/01\/Home-2-1.png\" \/>\n<meta name=\"twitter:card\" content=\"summary_large_image\" \/>\n<meta name=\"twitter:title\" content=\"Galopina Boutique Hotel\" \/>\n<meta name=\"twitter:description\" content=\"Galopina est un h\u00f4tel de charme id\u00e9al pour les escapades romantiques, immerg\u00e9 dans la nature du Yucatan, au sein de la r\u00e9serve de cenotes.\" \/>\n<meta name=\"twitter:image\" content=\"https:\/\/galopina.com.mx\/wp-content\/uploads\/2022\/01\/S-Casa-1.png\" \/>\n<script type=\"application\/ld+json\" class=\"yoast-schema-graph\">{\"@context\":\"https:\\\/\\\/schema.org\",\"@graph\":[{\"@type\":\"WebPage\",\"@id\":\"https:\\\/\\\/galopina.com.mx\\\/fr\\\/\",\"url\":\"https:\\\/\\\/galopina.com.mx\\\/fr\\\/\",\"name\":\"Galopina - H\u00f4tel Boutique\",\"isPartOf\":{\"@id\":\"https:\\\/\\\/galopina.com.mx\\\/fr\\\/#website\"},\"primaryImageOfPage\":{\"@id\":\"https:\\\/\\\/galopina.com.mx\\\/fr\\\/#primaryimage\"},\"image\":{\"@id\":\"https:\\\/\\\/galopina.com.mx\\\/fr\\\/#primaryimage\"},\"thumbnailUrl\":\"https:\\\/\\\/galopina.com.mx\\\/wp-content\\\/uploads\\\/2022\\\/12\\\/ESCRITORIO-5b.jpg\",\"datePublished\":\"2024-05-29T17:37:01+00:00\",\"dateModified\":\"2026-04-04T23:32:24+00:00\",\"description\":\"Galopina est un h\u00f4tel de charme id\u00e9al pour les escapades romantiques, immerg\u00e9 dans la nature du Yucatan, au sein de la r\u00e9serve de cenotes.\",\"breadcrumb\":{\"@id\":\"https:\\\/\\\/galopina.com.mx\\\/fr\\\/#breadcrumb\"},\"inLanguage\":\"fr-FR\",\"potentialAction\":[{\"@type\":\"ReadAction\",\"target\":[\"https:\\\/\\\/galopina.com.mx\\\/fr\\\/\"]}]},{\"@type\":\"ImageObject\",\"inLanguage\":\"fr-FR\",\"@id\":\"https:\\\/\\\/galopina.com.mx\\\/fr\\\/#primaryimage\",\"url\":\"https:\\\/\\\/galopina.com.mx\\\/wp-content\\\/uploads\\\/2022\\\/12\\\/ESCRITORIO-5b.jpg\",\"contentUrl\":\"https:\\\/\\\/galopina.com.mx\\\/wp-content\\\/uploads\\\/2022\\\/12\\\/ESCRITORIO-5b.jpg\"},{\"@type\":\"BreadcrumbList\",\"@id\":\"https:\\\/\\\/galopina.com.mx\\\/fr\\\/#breadcrumb\",\"itemListElement\":[{\"@type\":\"ListItem\",\"position\":1,\"name\":\"Portada\",\"item\":\"https:\\\/\\\/galopina.com.mx\\\/fr\\\/accueil\\\/\"},{\"@type\":\"ListItem\",\"position\":2,\"name\":\"ACCUEIL\"}]},{\"@type\":\"WebSite\",\"@id\":\"https:\\\/\\\/galopina.com.mx\\\/fr\\\/#website\",\"url\":\"https:\\\/\\\/galopina.com.mx\\\/fr\\\/\",\"name\":\"Galopina\",\"description\":\"Casa Silvestre\",\"publisher\":{\"@id\":\"https:\\\/\\\/galopina.com.mx\\\/fr\\\/#organization\"},\"potentialAction\":[{\"@type\":\"SearchAction\",\"target\":{\"@type\":\"EntryPoint\",\"urlTemplate\":\"https:\\\/\\\/galopina.com.mx\\\/fr\\\/?s={search_term_string}\"},\"query-input\":{\"@type\":\"PropertyValueSpecification\",\"valueRequired\":true,\"valueName\":\"search_term_string\"}}],\"inLanguage\":\"fr-FR\"},{\"@type\":\"Organization\",\"@id\":\"https:\\\/\\\/galopina.com.mx\\\/fr\\\/#organization\",\"name\":\"Galopina\",\"url\":\"https:\\\/\\\/galopina.com.mx\\\/fr\\\/\",\"logo\":{\"@type\":\"ImageObject\",\"inLanguage\":\"fr-FR\",\"@id\":\"https:\\\/\\\/galopina.com.mx\\\/fr\\\/#\\\/schema\\\/logo\\\/image\\\/\",\"url\":\"https:\\\/\\\/galopina.com.mx\\\/wp-content\\\/uploads\\\/2022\\\/01\\\/Logo_Galopina_BG_verde.png\",\"contentUrl\":\"https:\\\/\\\/galopina.com.mx\\\/wp-content\\\/uploads\\\/2022\\\/01\\\/Logo_Galopina_BG_verde.png\",\"width\":792,\"height\":612,\"caption\":\"Galopina\"},\"image\":{\"@id\":\"https:\\\/\\\/galopina.com.mx\\\/fr\\\/#\\\/schema\\\/logo\\\/image\\\/\"},\"sameAs\":[\"https:\\\/\\\/www.facebook.com\\\/galopinacasasilvestre\\\/\",\"https:\\\/\\\/www.instagram.com\\\/galopina_casasilvestre\\\/\"]}]}<\/script>\n<!-- \/ Yoast SEO plugin. -->","yoast_head_json":{"title":"Galopina - H\u00f4tel Boutique","description":"Galopina est un h\u00f4tel de charme id\u00e9al pour les escapades romantiques, immerg\u00e9 dans la nature du Yucatan, au sein de la r\u00e9serve de cenotes.","robots":{"index":"index","follow":"follow","max-snippet":"max-snippet:-1","max-image-preview":"max-image-preview:large","max-video-preview":"max-video-preview:-1"},"canonical":"https:\/\/galopina.com.mx\/fr\/","og_locale":"fr_FR","og_type":"article","og_title":"Galopina Boutique Hotel","og_description":"Galopina est un h\u00f4tel de charme id\u00e9al pour les escapades romantiques, immerg\u00e9 dans la nature du Yucatan, au sein de la r\u00e9serve de cenotes.","og_url":"https:\/\/galopina.com.mx\/fr\/","og_site_name":"Galopina","article_publisher":"https:\/\/www.facebook.com\/galopinacasasilvestre\/","article_modified_time":"2026-04-04T23:32:24+00:00","og_image":[{"url":"https:\/\/galopina.com.mx\/wp-content\/uploads\/2022\/01\/Home-2-1.png","type":"","width":"","height":""}],"twitter_card":"summary_large_image","twitter_title":"Galopina Boutique Hotel","twitter_description":"Galopina est un h\u00f4tel de charme id\u00e9al pour les escapades romantiques, immerg\u00e9 dans la nature du Yucatan, au sein de la r\u00e9serve de cenotes.","twitter_image":"https:\/\/galopina.com.mx\/wp-content\/uploads\/2022\/01\/S-Casa-1.png","schema":{"@context":"https:\/\/schema.org","@graph":[{"@type":"WebPage","@id":"https:\/\/galopina.com.mx\/fr\/","url":"https:\/\/galopina.com.mx\/fr\/","name":"Galopina - H\u00f4tel Boutique","isPartOf":{"@id":"https:\/\/galopina.com.mx\/fr\/#website"},"primaryImageOfPage":{"@id":"https:\/\/galopina.com.mx\/fr\/#primaryimage"},"image":{"@id":"https:\/\/galopina.com.mx\/fr\/#primaryimage"},"thumbnailUrl":"https:\/\/galopina.com.mx\/wp-content\/uploads\/2022\/12\/ESCRITORIO-5b.jpg","datePublished":"2024-05-29T17:37:01+00:00","dateModified":"2026-04-04T23:32:24+00:00","description":"Galopina est un h\u00f4tel de charme id\u00e9al pour les escapades romantiques, immerg\u00e9 dans la nature du Yucatan, au sein de la r\u00e9serve de cenotes.","breadcrumb":{"@id":"https:\/\/galopina.com.mx\/fr\/#breadcrumb"},"inLanguage":"fr-FR","potentialAction":[{"@type":"ReadAction","target":["https:\/\/galopina.com.mx\/fr\/"]}]},{"@type":"ImageObject","inLanguage":"fr-FR","@id":"https:\/\/galopina.com.mx\/fr\/#primaryimage","url":"https:\/\/galopina.com.mx\/wp-content\/uploads\/2022\/12\/ESCRITORIO-5b.jpg","contentUrl":"https:\/\/galopina.com.mx\/wp-content\/uploads\/2022\/12\/ESCRITORIO-5b.jpg"},{"@type":"BreadcrumbList","@id":"https:\/\/galopina.com.mx\/fr\/#breadcrumb","itemListElement":[{"@type":"ListItem","position":1,"name":"Portada","item":"https:\/\/galopina.com.mx\/fr\/accueil\/"},{"@type":"ListItem","position":2,"name":"ACCUEIL"}]},{"@type":"WebSite","@id":"https:\/\/galopina.com.mx\/fr\/#website","url":"https:\/\/galopina.com.mx\/fr\/","name":"Galopina","description":"Casa Silvestre","publisher":{"@id":"https:\/\/galopina.com.mx\/fr\/#organization"},"potentialAction":[{"@type":"SearchAction","target":{"@type":"EntryPoint","urlTemplate":"https:\/\/galopina.com.mx\/fr\/?s={search_term_string}"},"query-input":{"@type":"PropertyValueSpecification","valueRequired":true,"valueName":"search_term_string"}}],"inLanguage":"fr-FR"},{"@type":"Organization","@id":"https:\/\/galopina.com.mx\/fr\/#organization","name":"Galopina","url":"https:\/\/galopina.com.mx\/fr\/","logo":{"@type":"ImageObject","inLanguage":"fr-FR","@id":"https:\/\/galopina.com.mx\/fr\/#\/schema\/logo\/image\/","url":"https:\/\/galopina.com.mx\/wp-content\/uploads\/2022\/01\/Logo_Galopina_BG_verde.png","contentUrl":"https:\/\/galopina.com.mx\/wp-content\/uploads\/2022\/01\/Logo_Galopina_BG_verde.png","width":792,"height":612,"caption":"Galopina"},"image":{"@id":"https:\/\/galopina.com.mx\/fr\/#\/schema\/logo\/image\/"},"sameAs":["https:\/\/www.facebook.com\/galopinacasasilvestre\/","https:\/\/www.instagram.com\/galopina_casasilvestre\/"]}]}},"_links":{"self":[{"href":"https:\/\/galopina.com.mx\/fr\/wp-json\/wp\/v2\/pages\/10367","targetHints":{"allow":["GET"]}}],"collection":[{"href":"https:\/\/galopina.com.mx\/fr\/wp-json\/wp\/v2\/pages"}],"about":[{"href":"https:\/\/galopina.com.mx\/fr\/wp-json\/wp\/v2\/types\/page"}],"author":[{"embeddable":true,"href":"https:\/\/galopina.com.mx\/fr\/wp-json\/wp\/v2\/users\/1"}],"replies":[{"embeddable":true,"href":"https:\/\/galopina.com.mx\/fr\/wp-json\/wp\/v2\/comments?post=10367"}],"version-history":[{"count":9,"href":"https:\/\/galopina.com.mx\/fr\/wp-json\/wp\/v2\/pages\/10367\/revisions"}],"predecessor-version":[{"id":19773,"href":"https:\/\/galopina.com.mx\/fr\/wp-json\/wp\/v2\/pages\/10367\/revisions\/19773"}],"wp:attachment":[{"href":"https:\/\/galopina.com.mx\/fr\/wp-json\/wp\/v2\/media?parent=10367"}],"curies":[{"name":"wp","href":"https:\/\/api.w.org\/{rel}","templated":true}]}}